{"id":175944,"date":"2025-12-20T13:07:56","date_gmt":"2025-12-20T10:07:56","guid":{"rendered":"https:\/\/baldumarket.lt\/product\/toaletka-konsola-zova-t-103-z-szufladami-czarna\/"},"modified":"2026-02-12T10:41:53","modified_gmt":"2026-02-12T07:41:53","slug":"toaletka-konsola-zova-t-103-z-szufladami-czarna","status":"publish","type":"product","link":"https:\/\/baldumarket.lt\/lt\/product\/toaletka-konsola-zova-t-103-z-szufladami-czarna\/","title":{"rendered":"Zova T-103 tualetinis staliukas, konsolinis, su stal\u010diais, juodas"},"content":{"rendered":"<p>Juodas \u201eZova T-103\u201c konsolinis staliukas skirtas tiems, kurie vertina unikal\u0173 dizain\u0105 ir prakti\u0161kus sprendimus. I\u0161skirtin\u012f dizain\u0105 pabr\u0117\u017eia grioveli\u0173 ra\u0161to MDF fasadas, suteikiantis stalui eleganti\u0161k\u0105 ir modern\u0173 charakter\u012f. Tai puikus stiliaus ir naudojimo paprastumo derinys, puikiai papildantis \u012fvairius interjero dizainus.<\/p>","protected":false},"excerpt":{"rendered":"<p>Plotis: 103 cm<br \/>\nGylis: 49 cm<br \/>\nAuk\u0161tis: 80 cm<br \/>\nBald\u0173 spalva: juoda<br \/>\nStalvir\u0161is: laminuota bald\u0173 plok\u0161t\u0117<\/p>","protected":false},"featured_media":175945,"comment_status":"open","ping_status":"open","template":"","meta":[],"product_brand":[],"product_cat":[9553,1237,4635],"product_tag":[],"class_list":{"0":"post-175944","1":"product","2":"type-product","3":"status-publish","4":"has-post-thumbnail","6":"product_cat-furniture-system-zova-piaski","7":"product_cat-dressing-tables","8":"product_cat-piaski","10":"first","11":"instock","12":"purchasable","13":"product-type-simple"},"_links":{"self":[{"href":"https:\/\/baldumarket.lt\/lt\/wp-json\/wp\/v2\/product\/175944","targetHints":{"allow":["GET"]}}],"collection":[{"href":"https:\/\/baldumarket.lt\/lt\/wp-json\/wp\/v2\/product"}],"about":[{"href":"https:\/\/baldumarket.lt\/lt\/wp-json\/wp\/v2\/types\/product"}],"replies":[{"embeddable":true,"href":"https:\/\/baldumarket.lt\/lt\/wp-json\/wp\/v2\/comments?post=175944"}],"wp:featuredmedia":[{"embeddable":true,"href":"https:\/\/baldumarket.lt\/lt\/wp-json\/wp\/v2\/media\/175945"}],"wp:attachment":[{"href":"https:\/\/baldumarket.lt\/lt\/wp-json\/wp\/v2\/media?parent=175944"}],"wp:term":[{"taxonomy":"product_brand","embeddable":true,"href":"https:\/\/baldumarket.lt\/lt\/wp-json\/wp\/v2\/product_brand?post=175944"},{"taxonomy":"product_cat","embeddable":true,"href":"https:\/\/baldumarket.lt\/lt\/wp-json\/wp\/v2\/product_cat?post=175944"},{"taxonomy":"product_tag","embeddable":true,"href":"https:\/\/baldumarket.lt\/lt\/wp-json\/wp\/v2\/product_tag?post=175944"}],"curies":[{"name":"wp","href":"https:\/\/api.w.org\/{rel}","templated":true}]}}