{"id":175937,"date":"2025-12-20T13:07:47","date_gmt":"2025-12-20T10:07:47","guid":{"rendered":"https:\/\/baldumarket.lt\/product\/toaletka-konsola-zova-t-103-z-szufladami-cashmere\/"},"modified":"2026-02-12T10:42:02","modified_gmt":"2026-02-12T07:42:02","slug":"toaletka-konsola-zova-t-103-z-szufladami-cashmere","status":"publish","type":"product","link":"https:\/\/baldumarket.lt\/lt\/product\/toaletka-konsola-zova-t-103-z-szufladami-cashmere\/","title":{"rendered":"Tualetinis staliukas, konsolinis Zova T-103, su stal\u010diais, ka\u0161myro spalvos"},"content":{"rendered":"<p>\u201eZova T-103 Cashmere\u201c konsolinis staliukas yra stiliaus ir prakti\u0161kumo kvintesencija. Sukurtas tiems, kurie vertina unikal\u0173 dizain\u0105, jis puikiai derina estetik\u0105 ir funkcionalum\u0105. I\u0161skirtinis, grioveli\u0173 ra\u0161tuotas MDF fasadas suteikia baldui eleganti\u0161k\u0105 ir modern\u0173 vaizd\u0105, tod\u0117l jis puikiai dera prie \u012fvairi\u0173 interjero dizain\u0173. Apval\u016bs spintel\u0117s \u0161onai pabr\u0117\u017eia jos unikal\u0173 charakter\u012f.<\/p>","protected":false},"excerpt":{"rendered":"<p>Plotis: 103 cm<br \/>\nGylis: 49 cm<br \/>\nAuk\u0161tis: 80 cm<br \/>\nBald\u0173 spalva: Ka\u0161myras<br \/>\nStalvir\u0161is: laminuota bald\u0173 plok\u0161t\u0117<\/p>","protected":false},"featured_media":175938,"comment_status":"open","ping_status":"open","template":"","meta":[],"product_brand":[],"product_cat":[9553,1237,4635],"product_tag":[],"class_list":{"0":"post-175937","1":"product","2":"type-product","3":"status-publish","4":"has-post-thumbnail","6":"product_cat-furniture-system-zova-piaski","7":"product_cat-dressing-tables","8":"product_cat-piaski","10":"first","11":"instock","12":"purchasable","13":"product-type-simple"},"_links":{"self":[{"href":"https:\/\/baldumarket.lt\/lt\/wp-json\/wp\/v2\/product\/175937","targetHints":{"allow":["GET"]}}],"collection":[{"href":"https:\/\/baldumarket.lt\/lt\/wp-json\/wp\/v2\/product"}],"about":[{"href":"https:\/\/baldumarket.lt\/lt\/wp-json\/wp\/v2\/types\/product"}],"replies":[{"embeddable":true,"href":"https:\/\/baldumarket.lt\/lt\/wp-json\/wp\/v2\/comments?post=175937"}],"wp:featuredmedia":[{"embeddable":true,"href":"https:\/\/baldumarket.lt\/lt\/wp-json\/wp\/v2\/media\/175938"}],"wp:attachment":[{"href":"https:\/\/baldumarket.lt\/lt\/wp-json\/wp\/v2\/media?parent=175937"}],"wp:term":[{"taxonomy":"product_brand","embeddable":true,"href":"https:\/\/baldumarket.lt\/lt\/wp-json\/wp\/v2\/product_brand?post=175937"},{"taxonomy":"product_cat","embeddable":true,"href":"https:\/\/baldumarket.lt\/lt\/wp-json\/wp\/v2\/product_cat?post=175937"},{"taxonomy":"product_tag","embeddable":true,"href":"https:\/\/baldumarket.lt\/lt\/wp-json\/wp\/v2\/product_tag?post=175937"}],"curies":[{"name":"wp","href":"https:\/\/api.w.org\/{rel}","templated":true}]}}