{"id":175921,"date":"2025-12-20T13:07:26","date_gmt":"2025-12-20T10:07:26","guid":{"rendered":"https:\/\/baldumarket.lt\/product\/toaletka-konsola-nova-t104-szufladki-szara-zlota-rama\/"},"modified":"2026-04-05T15:34:12","modified_gmt":"2026-04-05T12:34:12","slug":"toaletka-konsola-nova-t104-szufladki-szara-zlota-rama","status":"publish","type":"product","link":"https:\/\/baldumarket.lt\/lt\/product\/toaletka-konsola-nova-t104-szufladki-szara-zlota-rama\/","title":{"rendered":"Nova T104 konsolinis tualetinis staliukas, stal\u010diai, pilkas\/auksinis r\u0117mas"},"content":{"rendered":"<p>Patrauklus \u201eNova T104\u201c tualetinis staliukas\/konsol\u0117 i\u0161siskiria unikaliu dizainu, kur\u012f pary\u0161kina auk\u0161tos (65 cm) auksin\u0117s metalin\u0117s kojel\u0117s ir tvirtas bei stabilus r\u0117mas. \u0160is presti\u017einis baldas turi du eleganti\u0161kus stal\u010dius papuo\u0161alams, smulkiems daiktams ir nieku\u010diams susid\u0117ti. J\u0173 pilki, grioveliais dekoruoti MDF fasadai puo\u0161ti stilingomis auksin\u0117mis ranken\u0117l\u0117mis. Komplektas puikiai atrodys miegamajame, svetain\u0117je ar net koridoriuje ar prie\u0161kambaryje. Tualetinis staliukas pristatomas i\u0161ardytas ir yra programos, kuri\u0105 sudaro naktiniai staleliai, komodos, kavos staliukas, televizoriaus staliukas ir tualetinio staliuko konsol\u0117, dalis. Taip pat galima \u012fsigyti versij\u0105 su juodomis kojel\u0117mis.<\/p>","protected":false},"excerpt":{"rendered":"<p>Plotis: 104 cm<br \/>\nGylis: 50 cm<br \/>\nAuk\u0161tis: 78 cm<br \/>\nBald\u0173 spalva: pilka\/auksin\u0117<br \/>\nStalvir\u0161is: laminuota bald\u0173 plok\u0161t\u0117<\/p>","protected":false},"featured_media":175922,"comment_status":"open","ping_status":"open","template":"","meta":[],"product_brand":[],"product_cat":[9567,1237,4635],"product_tag":[],"class_list":{"0":"post-175921","1":"product","2":"type-product","3":"status-publish","4":"has-post-thumbnail","6":"product_cat-furniture-system-nova-piaski","7":"product_cat-dressing-tables","8":"product_cat-piaski","10":"first","11":"instock","12":"purchasable","13":"product-type-simple"},"_links":{"self":[{"href":"https:\/\/baldumarket.lt\/lt\/wp-json\/wp\/v2\/product\/175921","targetHints":{"allow":["GET"]}}],"collection":[{"href":"https:\/\/baldumarket.lt\/lt\/wp-json\/wp\/v2\/product"}],"about":[{"href":"https:\/\/baldumarket.lt\/lt\/wp-json\/wp\/v2\/types\/product"}],"replies":[{"embeddable":true,"href":"https:\/\/baldumarket.lt\/lt\/wp-json\/wp\/v2\/comments?post=175921"}],"wp:featuredmedia":[{"embeddable":true,"href":"https:\/\/baldumarket.lt\/lt\/wp-json\/wp\/v2\/media\/175922"}],"wp:attachment":[{"href":"https:\/\/baldumarket.lt\/lt\/wp-json\/wp\/v2\/media?parent=175921"}],"wp:term":[{"taxonomy":"product_brand","embeddable":true,"href":"https:\/\/baldumarket.lt\/lt\/wp-json\/wp\/v2\/product_brand?post=175921"},{"taxonomy":"product_cat","embeddable":true,"href":"https:\/\/baldumarket.lt\/lt\/wp-json\/wp\/v2\/product_cat?post=175921"},{"taxonomy":"product_tag","embeddable":true,"href":"https:\/\/baldumarket.lt\/lt\/wp-json\/wp\/v2\/product_tag?post=175921"}],"curies":[{"name":"wp","href":"https:\/\/api.w.org\/{rel}","templated":true}]}}