{"id":175906,"date":"2025-12-20T13:07:05","date_gmt":"2025-12-20T10:07:05","guid":{"rendered":"https:\/\/baldumarket.lt\/product\/toaletka-konsola-nova-t104-szufladki-czarna-zlota-rama\/"},"modified":"2026-04-05T15:34:12","modified_gmt":"2026-04-05T12:34:12","slug":"toaletka-konsola-nova-t104-szufladki-czarna-zlota-rama","status":"publish","type":"product","link":"https:\/\/baldumarket.lt\/lt\/product\/toaletka-konsola-nova-t104-szufladki-czarna-zlota-rama\/","title":{"rendered":"Nova T104 konsolinis tualetinis staliukas su stal\u010diais, juodas\/auksinis r\u0117mas"},"content":{"rendered":"<p>Gra\u017eusis \u201eNova T104\u201c tualetinis staliukas ir konsol\u0117 i\u0161siskiria unikalia forma, kuri\u0105 pary\u0161kina auk\u0161tos (65 cm) auksin\u0117s metalin\u0117s kojel\u0117s, sujungtos su tvirtu ir stabiliu r\u0117mu. \u0160is presti\u017einis baldas turi du eleganti\u0161kus stal\u010dius smulkiems daiktams ir nieku\u010diams, kuri\u0173 juodi, grioveliai i\u0161 MDF fasad\u0173 puo\u0161ti stilingomis auksin\u0117mis ranken\u0117l\u0117mis. Komplektas puikiai atrodys miegamajame, svetain\u0117je ar net koridoriuje. Tualetinis staliukas pristatomas i\u0161ardytas ir priklauso to paties pavadinimo bald\u0173 linijai. Taip pat galima \u012fsigyti versij\u0105 su juodomis kojel\u0117mis.<\/p>","protected":false},"excerpt":{"rendered":"<p>Plotis: 104 cm<br \/>\nGylis: 50 cm<br \/>\nAuk\u0161tis: 78 cm<br \/>\nBald\u0173 spalva: juoda\/auksin\u0117<br \/>\nStalvir\u0161is: laminuota bald\u0173 plok\u0161t\u0117<\/p>","protected":false},"featured_media":175907,"comment_status":"open","ping_status":"open","template":"","meta":[],"product_brand":[],"product_cat":[9567,1237,4635],"product_tag":[],"class_list":{"0":"post-175906","1":"product","2":"type-product","3":"status-publish","4":"has-post-thumbnail","6":"product_cat-furniture-system-nova-piaski","7":"product_cat-dressing-tables","8":"product_cat-piaski","10":"first","11":"instock","12":"purchasable","13":"product-type-simple"},"_links":{"self":[{"href":"https:\/\/baldumarket.lt\/lt\/wp-json\/wp\/v2\/product\/175906","targetHints":{"allow":["GET"]}}],"collection":[{"href":"https:\/\/baldumarket.lt\/lt\/wp-json\/wp\/v2\/product"}],"about":[{"href":"https:\/\/baldumarket.lt\/lt\/wp-json\/wp\/v2\/types\/product"}],"replies":[{"embeddable":true,"href":"https:\/\/baldumarket.lt\/lt\/wp-json\/wp\/v2\/comments?post=175906"}],"wp:featuredmedia":[{"embeddable":true,"href":"https:\/\/baldumarket.lt\/lt\/wp-json\/wp\/v2\/media\/175907"}],"wp:attachment":[{"href":"https:\/\/baldumarket.lt\/lt\/wp-json\/wp\/v2\/media?parent=175906"}],"wp:term":[{"taxonomy":"product_brand","embeddable":true,"href":"https:\/\/baldumarket.lt\/lt\/wp-json\/wp\/v2\/product_brand?post=175906"},{"taxonomy":"product_cat","embeddable":true,"href":"https:\/\/baldumarket.lt\/lt\/wp-json\/wp\/v2\/product_cat?post=175906"},{"taxonomy":"product_tag","embeddable":true,"href":"https:\/\/baldumarket.lt\/lt\/wp-json\/wp\/v2\/product_tag?post=175906"}],"curies":[{"name":"wp","href":"https:\/\/api.w.org\/{rel}","templated":true}]}}