{"id":175882,"date":"2025-12-20T13:06:31","date_gmt":"2025-12-20T10:06:31","guid":{"rendered":"https:\/\/baldumarket.lt\/product\/toaletka-konsola-nova-t104-szufladki-biala-czarna-rama\/"},"modified":"2026-04-05T15:34:12","modified_gmt":"2026-04-05T12:34:12","slug":"toaletka-konsola-nova-t104-szufladki-biala-czarna-rama","status":"publish","type":"product","link":"https:\/\/baldumarket.lt\/lt\/product\/toaletka-konsola-nova-t104-szufladki-biala-czarna-rama\/","title":{"rendered":"Tualetinis staliukas, konsol\u0117 Nova T104, stal\u010diai, baltas\/juodas r\u0117mas"},"content":{"rendered":"<p>I\u0161skirtinis \u201eNova T104\u201c konsolinis tualetinis staliukas i\u0161siskiria unikalia forma, kuri\u0105 pabr\u0117\u017eia auk\u0161tos (65 cm) juodos metalin\u0117s kojel\u0117s, sujungtos su tvirtu r\u0117mu. \u0160is presti\u017einis baldas turi du eleganti\u0161kus stal\u010dius smulkiems daiktams, kuri\u0173 balti, grioveliai i\u0161 MDF fasad\u0173 puo\u0161ti stilingomis auksin\u0117mis ranken\u0117l\u0117mis. Tualetinis staliukas pristatomas i\u0161ardytas ir priklauso to paties pavadinimo bald\u0173 linijai. Taip pat galima \u012fsigyti versij\u0105 su auksin\u0117mis kojel\u0117mis ir r\u0117mu.<\/p>","protected":false},"excerpt":{"rendered":"<p>Plotis: 104 cm<br \/>\nGylis: 50 cm<br \/>\nAuk\u0161tis: 78 cm<br \/>\nBald\u0173 spalva: balta\/juoda<br \/>\nStalvir\u0161is: laminuota bald\u0173 plok\u0161t\u0117<\/p>","protected":false},"featured_media":175883,"comment_status":"open","ping_status":"open","template":"","meta":[],"product_brand":[],"product_cat":[9567,1237,4635],"product_tag":[],"class_list":{"0":"post-175882","1":"product","2":"type-product","3":"status-publish","4":"has-post-thumbnail","6":"product_cat-furniture-system-nova-piaski","7":"product_cat-dressing-tables","8":"product_cat-piaski","10":"first","11":"instock","12":"purchasable","13":"product-type-simple"},"_links":{"self":[{"href":"https:\/\/baldumarket.lt\/lt\/wp-json\/wp\/v2\/product\/175882","targetHints":{"allow":["GET"]}}],"collection":[{"href":"https:\/\/baldumarket.lt\/lt\/wp-json\/wp\/v2\/product"}],"about":[{"href":"https:\/\/baldumarket.lt\/lt\/wp-json\/wp\/v2\/types\/product"}],"replies":[{"embeddable":true,"href":"https:\/\/baldumarket.lt\/lt\/wp-json\/wp\/v2\/comments?post=175882"}],"wp:featuredmedia":[{"embeddable":true,"href":"https:\/\/baldumarket.lt\/lt\/wp-json\/wp\/v2\/media\/175883"}],"wp:attachment":[{"href":"https:\/\/baldumarket.lt\/lt\/wp-json\/wp\/v2\/media?parent=175882"}],"wp:term":[{"taxonomy":"product_brand","embeddable":true,"href":"https:\/\/baldumarket.lt\/lt\/wp-json\/wp\/v2\/product_brand?post=175882"},{"taxonomy":"product_cat","embeddable":true,"href":"https:\/\/baldumarket.lt\/lt\/wp-json\/wp\/v2\/product_cat?post=175882"},{"taxonomy":"product_tag","embeddable":true,"href":"https:\/\/baldumarket.lt\/lt\/wp-json\/wp\/v2\/product_tag?post=175882"}],"curies":[{"name":"wp","href":"https:\/\/api.w.org\/{rel}","templated":true}]}}