{"id":175866,"date":"2025-12-20T13:06:10","date_gmt":"2025-12-20T10:06:10","guid":{"rendered":"https:\/\/baldumarket.lt\/product\/toaletka-konsola-mono-mt104-szufladki-granatowa-czarna-rama\/"},"modified":"2026-04-05T15:34:12","modified_gmt":"2026-04-05T12:34:12","slug":"toaletka-konsola-mono-mt104-szufladki-granatowa-czarna-rama","status":"publish","type":"product","link":"https:\/\/baldumarket.lt\/lt\/product\/toaletka-konsola-mono-mt104-szufladki-granatowa-czarna-rama\/","title":{"rendered":"Tualetinis staliukas, konsol\u0117 Mono MT104, stal\u010diai, tamsiai m\u0117lynas\/juodas r\u0117mas"},"content":{"rendered":"<p>\u201eMono MT104\u201c tualetinio staliuko konsol\u0117 i\u0161siskiria unikalia forma, kuri\u0105 pabr\u0117\u017eia lieknos, juodos, auk\u0161tos (65 cm) kojel\u0117s, sujungtos su tvirtu r\u0117mu. \u0160is presti\u017einis baldas turi du stal\u010dius, kuri\u0173 tamsiai m\u0117lyni fasadai papuo\u0161ti stilingomis auksin\u0117mis ranken\u0117l\u0117mis. Tualetinis staliukas pristatomas i\u0161ardytas ir priklauso to paties pavadinimo bald\u0173 linijai. Taip pat galima \u012fsigyti versij\u0105 su auksin\u0117mis kojel\u0117mis.<\/p>","protected":false},"excerpt":{"rendered":"<p>Plotis: 104 cm<br \/>\nGylis: 50 cm<br \/>\nAuk\u0161tis: 78 cm<br \/>\nBald\u0173 spalva: tamsiai m\u0117lyna\/juoda<br \/>\nStalvir\u0161is: laminuota bald\u0173 plok\u0161t\u0117<\/p>","protected":false},"featured_media":175867,"comment_status":"open","ping_status":"open","template":"","meta":[],"product_brand":[],"product_cat":[9566,1237,4635],"product_tag":[],"class_list":{"0":"post-175866","1":"product","2":"type-product","3":"status-publish","4":"has-post-thumbnail","6":"product_cat-furniture-system-mono-piaski","7":"product_cat-dressing-tables","8":"product_cat-piaski","10":"first","11":"instock","12":"purchasable","13":"product-type-simple"},"_links":{"self":[{"href":"https:\/\/baldumarket.lt\/lt\/wp-json\/wp\/v2\/product\/175866","targetHints":{"allow":["GET"]}}],"collection":[{"href":"https:\/\/baldumarket.lt\/lt\/wp-json\/wp\/v2\/product"}],"about":[{"href":"https:\/\/baldumarket.lt\/lt\/wp-json\/wp\/v2\/types\/product"}],"replies":[{"embeddable":true,"href":"https:\/\/baldumarket.lt\/lt\/wp-json\/wp\/v2\/comments?post=175866"}],"wp:featuredmedia":[{"embeddable":true,"href":"https:\/\/baldumarket.lt\/lt\/wp-json\/wp\/v2\/media\/175867"}],"wp:attachment":[{"href":"https:\/\/baldumarket.lt\/lt\/wp-json\/wp\/v2\/media?parent=175866"}],"wp:term":[{"taxonomy":"product_brand","embeddable":true,"href":"https:\/\/baldumarket.lt\/lt\/wp-json\/wp\/v2\/product_brand?post=175866"},{"taxonomy":"product_cat","embeddable":true,"href":"https:\/\/baldumarket.lt\/lt\/wp-json\/wp\/v2\/product_cat?post=175866"},{"taxonomy":"product_tag","embeddable":true,"href":"https:\/\/baldumarket.lt\/lt\/wp-json\/wp\/v2\/product_tag?post=175866"}],"curies":[{"name":"wp","href":"https:\/\/api.w.org\/{rel}","templated":true}]}}