{"id":175858,"date":"2025-12-20T13:05:59","date_gmt":"2025-12-20T10:05:59","guid":{"rendered":"https:\/\/baldumarket.lt\/product\/toaletka-konsola-mono-mt104-szufladki-bez-piaskowy-zlota-rama\/"},"modified":"2026-04-05T15:34:03","modified_gmt":"2026-04-05T12:34:03","slug":"toaletka-konsola-mono-mt104-szufladki-bez-piaskowy-zlota-rama","status":"publish","type":"product","link":"https:\/\/baldumarket.lt\/lt\/product\/toaletka-konsola-mono-mt104-szufladki-bez-piaskowy-zlota-rama\/","title":{"rendered":"Tualetinis staliukas, konsol\u0117 Mono MT104, stal\u010diai, sm\u0117lio spalvos\/auksinis r\u0117mas"},"content":{"rendered":"<p>\u201eMono MT104\u201c tualetinio staliuko konsol\u0117 i\u0161siskiria unikalia forma, kuri\u0105 pabr\u0117\u017eia auk\u0161tos, 65 cm auksin\u0117s kojel\u0117s, sujungtos su tvirtu metaliniu r\u0117mu. \u0160is presti\u017einis baldas turi du eleganti\u0161kus stal\u010dius, kuri\u0173 sm\u0117lio spalvos fasadus puo\u0161ia stilingos auksin\u0117s ranken\u0117l\u0117s. Tualetinis staliukas pristatomas i\u0161ardytas ir priklauso to paties pavadinimo bald\u0173 linijai. Taip pat galima \u012fsigyti versij\u0105 su juodomis kojel\u0117mis ir r\u0117mu.<\/p>","protected":false},"excerpt":{"rendered":"<p>Plotis: 104 cm<br \/>\nGylis: 50 cm<br \/>\nAuk\u0161tis: 78 cm<br \/>\nBald\u0173 spalva: sm\u0117lio\/auksin\u0117<br \/>\nStalvir\u0161is: laminuota bald\u0173 plok\u0161t\u0117<\/p>","protected":false},"featured_media":175859,"comment_status":"open","ping_status":"open","template":"","meta":[],"product_brand":[],"product_cat":[9566,1237,4635],"product_tag":[],"class_list":{"0":"post-175858","1":"product","2":"type-product","3":"status-publish","4":"has-post-thumbnail","6":"product_cat-furniture-system-mono-piaski","7":"product_cat-dressing-tables","8":"product_cat-piaski","10":"first","11":"instock","12":"purchasable","13":"product-type-simple"},"_links":{"self":[{"href":"https:\/\/baldumarket.lt\/lt\/wp-json\/wp\/v2\/product\/175858","targetHints":{"allow":["GET"]}}],"collection":[{"href":"https:\/\/baldumarket.lt\/lt\/wp-json\/wp\/v2\/product"}],"about":[{"href":"https:\/\/baldumarket.lt\/lt\/wp-json\/wp\/v2\/types\/product"}],"replies":[{"embeddable":true,"href":"https:\/\/baldumarket.lt\/lt\/wp-json\/wp\/v2\/comments?post=175858"}],"wp:featuredmedia":[{"embeddable":true,"href":"https:\/\/baldumarket.lt\/lt\/wp-json\/wp\/v2\/media\/175859"}],"wp:attachment":[{"href":"https:\/\/baldumarket.lt\/lt\/wp-json\/wp\/v2\/media?parent=175858"}],"wp:term":[{"taxonomy":"product_brand","embeddable":true,"href":"https:\/\/baldumarket.lt\/lt\/wp-json\/wp\/v2\/product_brand?post=175858"},{"taxonomy":"product_cat","embeddable":true,"href":"https:\/\/baldumarket.lt\/lt\/wp-json\/wp\/v2\/product_cat?post=175858"},{"taxonomy":"product_tag","embeddable":true,"href":"https:\/\/baldumarket.lt\/lt\/wp-json\/wp\/v2\/product_tag?post=175858"}],"curies":[{"name":"wp","href":"https:\/\/api.w.org\/{rel}","templated":true}]}}