{"id":175842,"date":"2025-12-20T13:05:38","date_gmt":"2025-12-20T10:05:38","guid":{"rendered":"https:\/\/baldumarket.lt\/product\/szafka-telewizyjna-wrap-rtv-180-drzwiczki-wneka-orzech-cashmere-piaski\/"},"modified":"2026-02-03T23:28:21","modified_gmt":"2026-02-03T20:28:21","slug":"szafka-telewizyjna-wrap-rtv-180-drzwiczki-wneka-orzech-cashmere-piaski","status":"publish","type":"product","link":"https:\/\/baldumarket.lt\/lt\/product\/szafka-telewizyjna-wrap-rtv-180-drzwiczki-wneka-orzech-cashmere-piaski\/","title":{"rendered":"TV spintel\u0117 su \u012fduba RTV 180, durel\u0117mis, ni\u0161a, rie\u0161uto\/ka\u0161myro spalvos SANDS"},"content":{"rendered":"<p>Modernus \u201eWrap RTV 180\u201c televizoriaus stovas pagamintas i\u0161 \u012fbr\u0117\u017eimams atsparios laminuotos plok\u0161t\u0117s priekin\u0117s dalys ir korpusas. Apval\u016bs rie\u0161uto spalvos elementai pagaminti i\u0161 patvarios MDF plok\u0161t\u0117s. Komplekt\u0105 sudaro dvejos varstomos durys ir ni\u0161a, atskirta horizontalia lentyna, u\u017e kurios yra kabelio i\u0161leidimo anga. Suapvalinti fasad\u0173 kampai ir auk\u0161tos metalin\u0117s kojel\u0117s yra i\u0161skirtinis bruo\u017eas. Stovas priklauso to paties pavadinimo bald\u0173 linijai, leid\u017eian\u010diai sukurti patraukl\u0173 ir stilisti\u0161kai darn\u0173 komplekt\u0105. Reikalingas surinkimas.<\/p>","protected":false},"excerpt":{"rendered":"<p>Plotis: 180 cm<br \/>\nGylis: 39 cm<br \/>\nAuk\u0161tis: 52 cm<br \/>\nBald\u0173 spalva: rie\u0161uto\/ka\u0161myro<br \/>\nKoja: metalas<\/p>","protected":false},"featured_media":175843,"comment_status":"open","ping_status":"open","template":"","meta":[],"product_brand":[],"product_cat":[4635,1175],"product_tag":[],"class_list":{"0":"post-175842","1":"product","2":"type-product","3":"status-publish","4":"has-post-thumbnail","6":"product_cat-piaski","7":"product_cat-tv-stands","9":"first","10":"instock","11":"purchasable","12":"product-type-simple"},"_links":{"self":[{"href":"https:\/\/baldumarket.lt\/lt\/wp-json\/wp\/v2\/product\/175842","targetHints":{"allow":["GET"]}}],"collection":[{"href":"https:\/\/baldumarket.lt\/lt\/wp-json\/wp\/v2\/product"}],"about":[{"href":"https:\/\/baldumarket.lt\/lt\/wp-json\/wp\/v2\/types\/product"}],"replies":[{"embeddable":true,"href":"https:\/\/baldumarket.lt\/lt\/wp-json\/wp\/v2\/comments?post=175842"}],"wp:featuredmedia":[{"embeddable":true,"href":"https:\/\/baldumarket.lt\/lt\/wp-json\/wp\/v2\/media\/175843"}],"wp:attachment":[{"href":"https:\/\/baldumarket.lt\/lt\/wp-json\/wp\/v2\/media?parent=175842"}],"wp:term":[{"taxonomy":"product_brand","embeddable":true,"href":"https:\/\/baldumarket.lt\/lt\/wp-json\/wp\/v2\/product_brand?post=175842"},{"taxonomy":"product_cat","embeddable":true,"href":"https:\/\/baldumarket.lt\/lt\/wp-json\/wp\/v2\/product_cat?post=175842"},{"taxonomy":"product_tag","embeddable":true,"href":"https:\/\/baldumarket.lt\/lt\/wp-json\/wp\/v2\/product_tag?post=175842"}],"curies":[{"name":"wp","href":"https:\/\/api.w.org\/{rel}","templated":true}]}}