{"id":175834,"date":"2025-12-20T13:05:27","date_gmt":"2025-12-20T10:05:27","guid":{"rendered":"https:\/\/baldumarket.lt\/product\/szafka-telewizyjna-raven-rtv-180-wneka-szuflada-klapy-czarny\/"},"modified":"2026-04-05T15:16:40","modified_gmt":"2026-04-05T12:16:40","slug":"szafka-telewizyjna-raven-rtv-180-wneka-szuflada-klapy-czarny","status":"publish","type":"product","link":"https:\/\/baldumarket.lt\/lt\/product\/szafka-telewizyjna-raven-rtv-180-wneka-szuflada-klapy-czarny\/","title":{"rendered":"Raven RTV 180 TV spintel\u0117, ni\u0161a, stal\u010dius, atvartai, juoda"},"content":{"rendered":"<p>Juodas \u201eRaven 180\u201c televizoriaus staliukas \u017eavi savo patraukliu dizainu, kur\u012f pabr\u0117\u017eia 3D dekoras dviejuose i\u0161oriniuose fasaduose. Komplekt\u0105 sudaro dvi varstomos durel\u0117s, prakti\u0161kas stal\u010dius ir ni\u0161a su laido i\u0161leidimo anga. Auk\u0161tos, juodos metalin\u0117s kojel\u0117s spintel\u0117s apa\u010dioje suteikia bendram dizainui jausmingo elegancijos. Televizoriaus staliukas yra to paties pavadinimo bald\u0173 kolekcijos dalis, leid\u017eianti kurti darnius i\u0161d\u0117stymus. Spintel\u0117 pristatoma supakuota, su ai\u0161kiomis instrukcijomis ir visu furnit\u016bros komplektu.<\/p>","protected":false},"excerpt":{"rendered":"<p>Plotis: 180 cm<br \/>\nGylis: 38 cm<br \/>\nAuk\u0161tis: 51 cm<br \/>\nBald\u0173 spalva: juoda<br \/>\nKoja: juodas metalas<\/p>","protected":false},"featured_media":175835,"comment_status":"open","ping_status":"open","template":"","meta":[],"product_brand":[],"product_cat":[9573,4635,1175],"product_tag":[],"class_list":{"0":"post-175834","1":"product","2":"type-product","3":"status-publish","4":"has-post-thumbnail","6":"product_cat-furniture-system-raven-piaski","7":"product_cat-piaski","8":"product_cat-tv-stands","10":"first","11":"instock","12":"purchasable","13":"product-type-simple"},"_links":{"self":[{"href":"https:\/\/baldumarket.lt\/lt\/wp-json\/wp\/v2\/product\/175834","targetHints":{"allow":["GET"]}}],"collection":[{"href":"https:\/\/baldumarket.lt\/lt\/wp-json\/wp\/v2\/product"}],"about":[{"href":"https:\/\/baldumarket.lt\/lt\/wp-json\/wp\/v2\/types\/product"}],"replies":[{"embeddable":true,"href":"https:\/\/baldumarket.lt\/lt\/wp-json\/wp\/v2\/comments?post=175834"}],"wp:featuredmedia":[{"embeddable":true,"href":"https:\/\/baldumarket.lt\/lt\/wp-json\/wp\/v2\/media\/175835"}],"wp:attachment":[{"href":"https:\/\/baldumarket.lt\/lt\/wp-json\/wp\/v2\/media?parent=175834"}],"wp:term":[{"taxonomy":"product_brand","embeddable":true,"href":"https:\/\/baldumarket.lt\/lt\/wp-json\/wp\/v2\/product_brand?post=175834"},{"taxonomy":"product_cat","embeddable":true,"href":"https:\/\/baldumarket.lt\/lt\/wp-json\/wp\/v2\/product_cat?post=175834"},{"taxonomy":"product_tag","embeddable":true,"href":"https:\/\/baldumarket.lt\/lt\/wp-json\/wp\/v2\/product_tag?post=175834"}],"curies":[{"name":"wp","href":"https:\/\/api.w.org\/{rel}","templated":true}]}}