{"id":175826,"date":"2025-12-20T13:05:16","date_gmt":"2025-12-20T10:05:16","guid":{"rendered":"https:\/\/baldumarket.lt\/product\/szafka-telewizyjna-japandi-rtv-154-drzwiczki-szuflada-wneka-dab-linea-czarny\/"},"modified":"2026-04-05T16:08:56","modified_gmt":"2026-04-05T13:08:56","slug":"szafka-telewizyjna-japandi-rtv-154-drzwiczki-szuflada-wneka-dab-linea-czarny","status":"publish","type":"product","link":"https:\/\/baldumarket.lt\/lt\/product\/szafka-telewizyjna-japandi-rtv-154-drzwiczki-szuflada-wneka-dab-linea-czarny\/","title":{"rendered":"Japandi RTV 154 TV spintel\u0117, durel\u0117mis, stal\u010diumi, ni\u0161a, Linea \u0105\u017euolas\/juoda"},"content":{"rendered":"<p>Funkcionalus \u201eJapandi RTV 154\u201c televizoriaus staliukas pagamintas i\u0161 baldin\u0117s plok\u0161t\u0117s su frezuotais fasadais. Komplekt\u0105 sudaro dvejos varstomos durel\u0117s, prakti\u0161kas stal\u010dius ir ni\u0161a su laido i\u0161vadu. Apatin\u0117je stovo dalyje yra auk\u0161tos, juodai da\u017eytos kojel\u0117s, suteikian\u010dios bendram dizainui jausmingo elegancijos. Televizoriaus staliukas yra to paties pavadinimo bald\u0173 kolekcijos dalis, leid\u017eianti kurti darnius stilistinius i\u0161d\u0117stymus. Baldas pristatomas supakuotas, su lengvai suprantamomis instrukcijomis ir visu furnit\u016bros komplektu.<\/p>","protected":false},"excerpt":{"rendered":"<p>Plotis: 154 cm<br \/>\nGylis: 39 cm<br \/>\nAuk\u0161tis: 83 cm<br \/>\nBald\u0173 spalva: Linea \u0105\u017euolas\/juoda<br \/>\nKoja: juoda medin\u0117<\/p>","protected":false},"featured_media":175827,"comment_status":"open","ping_status":"open","template":"","meta":[],"product_brand":[],"product_cat":[9562,4635,1175],"product_tag":[],"class_list":{"0":"post-175826","1":"product","2":"type-product","3":"status-publish","4":"has-post-thumbnail","6":"product_cat-furniture-system-japandi-piaski","7":"product_cat-piaski","8":"product_cat-tv-stands","10":"first","11":"instock","12":"purchasable","13":"product-type-simple"},"_links":{"self":[{"href":"https:\/\/baldumarket.lt\/lt\/wp-json\/wp\/v2\/product\/175826","targetHints":{"allow":["GET"]}}],"collection":[{"href":"https:\/\/baldumarket.lt\/lt\/wp-json\/wp\/v2\/product"}],"about":[{"href":"https:\/\/baldumarket.lt\/lt\/wp-json\/wp\/v2\/types\/product"}],"replies":[{"embeddable":true,"href":"https:\/\/baldumarket.lt\/lt\/wp-json\/wp\/v2\/comments?post=175826"}],"wp:featuredmedia":[{"embeddable":true,"href":"https:\/\/baldumarket.lt\/lt\/wp-json\/wp\/v2\/media\/175827"}],"wp:attachment":[{"href":"https:\/\/baldumarket.lt\/lt\/wp-json\/wp\/v2\/media?parent=175826"}],"wp:term":[{"taxonomy":"product_brand","embeddable":true,"href":"https:\/\/baldumarket.lt\/lt\/wp-json\/wp\/v2\/product_brand?post=175826"},{"taxonomy":"product_cat","embeddable":true,"href":"https:\/\/baldumarket.lt\/lt\/wp-json\/wp\/v2\/product_cat?post=175826"},{"taxonomy":"product_tag","embeddable":true,"href":"https:\/\/baldumarket.lt\/lt\/wp-json\/wp\/v2\/product_tag?post=175826"}],"curies":[{"name":"wp","href":"https:\/\/api.w.org\/{rel}","templated":true}]}}