{"id":175818,"date":"2025-12-20T13:05:06","date_gmt":"2025-12-20T10:05:06","guid":{"rendered":"https:\/\/baldumarket.lt\/product\/szafka-telewizyjna-japandi-rtv-154-drzwiczki-szuflada-wneka-cashmere-czarny\/"},"modified":"2026-04-05T16:08:46","modified_gmt":"2026-04-05T13:08:46","slug":"szafka-telewizyjna-japandi-rtv-154-drzwiczki-szuflada-wneka-cashmere-czarny","status":"publish","type":"product","link":"https:\/\/baldumarket.lt\/lt\/product\/szafka-telewizyjna-japandi-rtv-154-drzwiczki-szuflada-wneka-cashmere-czarny\/","title":{"rendered":"Japandi RTV 154 TV spintel\u0117, durel\u0117s, stal\u010diumi, ni\u0161a, ka\u0161myro\/juoda"},"content":{"rendered":"<p>\u201eJapandi RTV 154 Cashmere\u201c televizoriaus spintel\u0117 pagaminta i\u0161 baldin\u0117s plok\u0161t\u0117s su frezuotais fasadais. Komplekte yra dvi varstomos durys, prakti\u0161kas stal\u010dius ir ni\u0161a su laido i\u0161vadu. Apatin\u0117je spintel\u0117s dalyje yra auk\u0161tos, juodai da\u017eytos medin\u0117s kojel\u0117s, suteikian\u010dios bendram dizainui jausmingo elegancijos. Televizoriaus spintel\u0117 priklauso to paties pavadinimo bald\u0173 kolekcijai, leid\u017eian\u010diai kurti darnius stilistinius i\u0161d\u0117stymus. Baldai pristatomi supakuoti, su ai\u0161kiomis instrukcijomis ir visu furnit\u016bros komplektu.<\/p>","protected":false},"excerpt":{"rendered":"<p>Plotis: 154 cm<br \/>\nGylis: 39 cm<br \/>\nAuk\u0161tis: 83 cm<br \/>\nBald\u0173 spalva: Ka\u0161myras<br \/>\nKoja: juoda medin\u0117<\/p>","protected":false},"featured_media":175819,"comment_status":"open","ping_status":"open","template":"","meta":[],"product_brand":[],"product_cat":[9562,4635,1175],"product_tag":[],"class_list":{"0":"post-175818","1":"product","2":"type-product","3":"status-publish","4":"has-post-thumbnail","6":"product_cat-furniture-system-japandi-piaski","7":"product_cat-piaski","8":"product_cat-tv-stands","10":"first","11":"instock","12":"purchasable","13":"product-type-simple"},"_links":{"self":[{"href":"https:\/\/baldumarket.lt\/lt\/wp-json\/wp\/v2\/product\/175818","targetHints":{"allow":["GET"]}}],"collection":[{"href":"https:\/\/baldumarket.lt\/lt\/wp-json\/wp\/v2\/product"}],"about":[{"href":"https:\/\/baldumarket.lt\/lt\/wp-json\/wp\/v2\/types\/product"}],"replies":[{"embeddable":true,"href":"https:\/\/baldumarket.lt\/lt\/wp-json\/wp\/v2\/comments?post=175818"}],"wp:featuredmedia":[{"embeddable":true,"href":"https:\/\/baldumarket.lt\/lt\/wp-json\/wp\/v2\/media\/175819"}],"wp:attachment":[{"href":"https:\/\/baldumarket.lt\/lt\/wp-json\/wp\/v2\/media?parent=175818"}],"wp:term":[{"taxonomy":"product_brand","embeddable":true,"href":"https:\/\/baldumarket.lt\/lt\/wp-json\/wp\/v2\/product_brand?post=175818"},{"taxonomy":"product_cat","embeddable":true,"href":"https:\/\/baldumarket.lt\/lt\/wp-json\/wp\/v2\/product_cat?post=175818"},{"taxonomy":"product_tag","embeddable":true,"href":"https:\/\/baldumarket.lt\/lt\/wp-json\/wp\/v2\/product_tag?post=175818"}],"curies":[{"name":"wp","href":"https:\/\/api.w.org\/{rel}","templated":true}]}}