{"id":175797,"date":"2025-12-20T13:04:37","date_gmt":"2025-12-20T10:04:37","guid":{"rendered":"https:\/\/baldumarket.lt\/product\/szafka-rtv-zova-rtv-168-3-drzwiczki-biala\/"},"modified":"2026-02-12T10:42:02","modified_gmt":"2026-02-12T07:42:02","slug":"szafka-rtv-zova-rtv-168-3-drzwiczki-biala","status":"publish","type":"product","link":"https:\/\/baldumarket.lt\/lt\/product\/szafka-rtv-zova-rtv-168-3-drzwiczki-biala\/","title":{"rendered":"TV spintel\u0117 Zova RTV-168, 3 durys, balta"},"content":{"rendered":"<p>Baltas televizoriaus staliukas KSZ-168 yra puikus pasirinkimas tiems, kurie vertina estetikos ir funkcionalumo derin\u012f. D\u0117l modernaus dizaino, auk\u0161tos kokyb\u0117s meistri\u0161kumo ir prakti\u0161k\u0173 sprendim\u0173 \u0161is baldas puikiai der\u0117s prie bet kokio stilingo interjero. Baltas televizoriaus staliukas KSZ-168 traukia d\u0117mes\u012f unikaliu, grioveliais i\u0161rai\u017eytu priekiu, pagamintu i\u0161 patvarios ir tvirtos MDF plok\u0161t\u0117s. Apval\u016bs \u0161onai yra detal\u0117, i\u0161skirianti \u0161\u012f bald\u0105 i\u0161 kit\u0173 rinkoje esan\u010di\u0173 ir suteikianti jam eleganti\u0161k\u0105 charakter\u012f.<\/p>","protected":false},"excerpt":{"rendered":"<p>Plotis: 168 cm<br \/>\nGylis: 39 cm<br \/>\nAuk\u0161tis: 56 cm<br \/>\nBald\u0173 spalva: balta<\/p>","protected":false},"featured_media":175798,"comment_status":"open","ping_status":"open","template":"","meta":[],"product_brand":[],"product_cat":[9553,4635,1175],"product_tag":[],"class_list":{"0":"post-175797","1":"product","2":"type-product","3":"status-publish","4":"has-post-thumbnail","6":"product_cat-furniture-system-zova-piaski","7":"product_cat-piaski","8":"product_cat-tv-stands","10":"first","11":"instock","12":"purchasable","13":"product-type-simple"},"_links":{"self":[{"href":"https:\/\/baldumarket.lt\/lt\/wp-json\/wp\/v2\/product\/175797","targetHints":{"allow":["GET"]}}],"collection":[{"href":"https:\/\/baldumarket.lt\/lt\/wp-json\/wp\/v2\/product"}],"about":[{"href":"https:\/\/baldumarket.lt\/lt\/wp-json\/wp\/v2\/types\/product"}],"replies":[{"embeddable":true,"href":"https:\/\/baldumarket.lt\/lt\/wp-json\/wp\/v2\/comments?post=175797"}],"wp:featuredmedia":[{"embeddable":true,"href":"https:\/\/baldumarket.lt\/lt\/wp-json\/wp\/v2\/media\/175798"}],"wp:attachment":[{"href":"https:\/\/baldumarket.lt\/lt\/wp-json\/wp\/v2\/media?parent=175797"}],"wp:term":[{"taxonomy":"product_brand","embeddable":true,"href":"https:\/\/baldumarket.lt\/lt\/wp-json\/wp\/v2\/product_brand?post=175797"},{"taxonomy":"product_cat","embeddable":true,"href":"https:\/\/baldumarket.lt\/lt\/wp-json\/wp\/v2\/product_cat?post=175797"},{"taxonomy":"product_tag","embeddable":true,"href":"https:\/\/baldumarket.lt\/lt\/wp-json\/wp\/v2\/product_tag?post=175797"}],"curies":[{"name":"wp","href":"https:\/\/api.w.org\/{rel}","templated":true}]}}