{"id":175789,"date":"2025-12-20T13:04:26","date_gmt":"2025-12-20T10:04:26","guid":{"rendered":"https:\/\/baldumarket.lt\/product\/szafka-rtv-willow-rtv154-drzwiczki-wneka-dab-artisan-czarny\/"},"modified":"2026-04-05T02:17:24","modified_gmt":"2026-04-04T23:17:24","slug":"szafka-rtv-willow-rtv154-drzwiczki-wneka-dab-artisan-czarny","status":"publish","type":"product","link":"https:\/\/baldumarket.lt\/lt\/product\/szafka-rtv-willow-rtv154-drzwiczki-wneka-dab-artisan-czarny\/","title":{"rendered":"Willow RTV154 TV spintel\u0117, durel\u0117s, ni\u0161a, Artisan Oak\/Black"},"content":{"rendered":"<p>\u201eWillow RTV154\u201c televizoriaus staliukas turi dvejas varstomas duris ir ni\u0161\u0105 garso \/ vaizdo \u012frangai, kuri\u0105 skiria horizontali lentyna. Spintel\u0117s gale yra plastikin\u0117 \u012fvor\u0117, skirta saugiai nutiesti maitinimo laidus. Visas staliukas stovi ant auk\u0161t\u0173 (20 cm) juod\u0173 medini\u0173 kojeli\u0173, kurios pabr\u0117\u017eia baldo charakter\u012f ir suteikia lengvumo. Televizoriaus staliukas turi grioveliais i\u0161graviruotas MDF plok\u0161tes su \u201eArtisan Oak\u201c apdaila ir yra pagamintas i\u0161 \u012fbr\u0117\u017eimams atsparios laminuotos plok\u0161t\u0117s. Jis priklauso to paties pavadinimo bald\u0173 programai ir pristatomas supakuotas su lengvai suprantamomis surinkimo instrukcijomis.<\/p>","protected":false},"excerpt":{"rendered":"<p>Plotis: 154 cm<br \/>\nGylis: 39 cm<br \/>\nAuk\u0161tis: 56 cm<br \/>\nBald\u0173 spalva: Artisan \u0105\u017euolas \/ juoda<\/p>","protected":false},"featured_media":175790,"comment_status":"open","ping_status":"open","template":"","meta":[],"product_brand":[],"product_cat":[9556,4635,1175],"product_tag":[],"class_list":{"0":"post-175789","1":"product","2":"type-product","3":"status-publish","4":"has-post-thumbnail","6":"product_cat-furniture-system-willow-piaski","7":"product_cat-piaski","8":"product_cat-tv-stands","10":"first","11":"instock","12":"purchasable","13":"product-type-simple"},"_links":{"self":[{"href":"https:\/\/baldumarket.lt\/lt\/wp-json\/wp\/v2\/product\/175789","targetHints":{"allow":["GET"]}}],"collection":[{"href":"https:\/\/baldumarket.lt\/lt\/wp-json\/wp\/v2\/product"}],"about":[{"href":"https:\/\/baldumarket.lt\/lt\/wp-json\/wp\/v2\/types\/product"}],"replies":[{"embeddable":true,"href":"https:\/\/baldumarket.lt\/lt\/wp-json\/wp\/v2\/comments?post=175789"}],"wp:featuredmedia":[{"embeddable":true,"href":"https:\/\/baldumarket.lt\/lt\/wp-json\/wp\/v2\/media\/175790"}],"wp:attachment":[{"href":"https:\/\/baldumarket.lt\/lt\/wp-json\/wp\/v2\/media?parent=175789"}],"wp:term":[{"taxonomy":"product_brand","embeddable":true,"href":"https:\/\/baldumarket.lt\/lt\/wp-json\/wp\/v2\/product_brand?post=175789"},{"taxonomy":"product_cat","embeddable":true,"href":"https:\/\/baldumarket.lt\/lt\/wp-json\/wp\/v2\/product_cat?post=175789"},{"taxonomy":"product_tag","embeddable":true,"href":"https:\/\/baldumarket.lt\/lt\/wp-json\/wp\/v2\/product_tag?post=175789"}],"curies":[{"name":"wp","href":"https:\/\/api.w.org\/{rel}","templated":true}]}}