{"id":175781,"date":"2025-12-20T13:04:15","date_gmt":"2025-12-20T10:04:15","guid":{"rendered":"https:\/\/baldumarket.lt\/product\/szafka-rtv-sky-srtv-155-z-polka-wiszaca-p155-drzwi-szuflada-wneka-polka-dab-riviera\/"},"modified":"2026-04-05T02:44:15","modified_gmt":"2026-04-04T23:44:15","slug":"szafka-rtv-sky-srtv-155-z-polka-wiszaca-p155-drzwi-szuflada-wneka-polka-dab-riviera","status":"publish","type":"product","link":"https:\/\/baldumarket.lt\/lt\/product\/szafka-rtv-sky-srtv-155-z-polka-wiszaca-p155-drzwi-szuflada-wneka-polka-dab-riviera\/","title":{"rendered":"\u201eSky SRTV 155\u201c televizoriaus spintel\u0117 su P155 pakabinama lentyna, durel\u0117mis, stal\u010diumi, ni\u0161a, lentyna, \u201eRiviera Oak\u201c"},"content":{"rendered":"<p>\u201eSky SRTV 155\u201c televizoriaus staliukas su pakabinama lentyna (P155) turi dvejas varstomas duris, daiktad\u0117\u017e\u0119 ir supakuot\u0105 stal\u010di\u0173. Vir\u0161utin\u0117je komplekto dalyje yra pakabinama lentyna smulkiems daiktams ir \u0161eimos relikvijoms laikyti. Spintel\u0117 pagaminta i\u0161 \u012fbr\u0117\u017eimams atsparios laminuotos plok\u0161t\u0117s ir pristatoma plok\u0161\u010diai supakuota.<\/p>","protected":false},"excerpt":{"rendered":"<p>Plotis: 155 cm<br \/>\nGylis: 47 cm<br \/>\nAuk\u0161tis: 50 cm<br \/>\nBald\u0173 spalva: Riviera Oak<\/p>","protected":false},"featured_media":175782,"comment_status":"open","ping_status":"open","template":"","meta":[],"product_brand":[],"product_cat":[9550,4635,1175],"product_tag":[],"class_list":{"0":"post-175781","1":"product","2":"type-product","3":"status-publish","4":"has-post-thumbnail","6":"product_cat-furniture-system-sky-piaski","7":"product_cat-piaski","8":"product_cat-tv-stands","10":"first","11":"instock","12":"purchasable","13":"product-type-simple"},"_links":{"self":[{"href":"https:\/\/baldumarket.lt\/lt\/wp-json\/wp\/v2\/product\/175781","targetHints":{"allow":["GET"]}}],"collection":[{"href":"https:\/\/baldumarket.lt\/lt\/wp-json\/wp\/v2\/product"}],"about":[{"href":"https:\/\/baldumarket.lt\/lt\/wp-json\/wp\/v2\/types\/product"}],"replies":[{"embeddable":true,"href":"https:\/\/baldumarket.lt\/lt\/wp-json\/wp\/v2\/comments?post=175781"}],"wp:featuredmedia":[{"embeddable":true,"href":"https:\/\/baldumarket.lt\/lt\/wp-json\/wp\/v2\/media\/175782"}],"wp:attachment":[{"href":"https:\/\/baldumarket.lt\/lt\/wp-json\/wp\/v2\/media?parent=175781"}],"wp:term":[{"taxonomy":"product_brand","embeddable":true,"href":"https:\/\/baldumarket.lt\/lt\/wp-json\/wp\/v2\/product_brand?post=175781"},{"taxonomy":"product_cat","embeddable":true,"href":"https:\/\/baldumarket.lt\/lt\/wp-json\/wp\/v2\/product_cat?post=175781"},{"taxonomy":"product_tag","embeddable":true,"href":"https:\/\/baldumarket.lt\/lt\/wp-json\/wp\/v2\/product_tag?post=175781"}],"curies":[{"name":"wp","href":"https:\/\/api.w.org\/{rel}","templated":true}]}}