{"id":175765,"date":"2025-12-20T13:03:52","date_gmt":"2025-12-20T10:03:52","guid":{"rendered":"https:\/\/baldumarket.lt\/product\/szafka-rtv-sento-rtv154-drzwiczki-oswietlenie-cashmiere\/"},"modified":"2026-04-05T02:50:18","modified_gmt":"2026-04-04T23:50:18","slug":"szafka-rtv-sento-rtv154-drzwiczki-oswietlenie-cashmiere","status":"publish","type":"product","link":"https:\/\/baldumarket.lt\/lt\/product\/szafka-rtv-sento-rtv154-drzwiczki-oswietlenie-cashmiere\/","title":{"rendered":"Sento RTV154 televizoriaus spintel\u0117, durel\u0117s, ap\u0161vietimas, Cashmiere"},"content":{"rendered":"<p>Gra\u017eus ir funkcionalus televizoriaus staliukas yra absoliutus \u0161iuolaikinio svetain\u0117s ar poilsio kambario atributas. \u201eSento RTV154\u201c trij\u0173 dur\u0173 televizoriaus staliukas be ranken\u0117li\u0173 traukia d\u0117mes\u012f subtiliu \u012fmontuotu ap\u0161vietimu ir grioveliais i\u0161 patvaraus MDF. Dekoratyviniai grioveliai suteikia elegancijos ir lengvumo. Stiklini\u0173 dureli\u0173 priekis pagamintas i\u0161 gr\u016bdinto saugaus stiklo. Stovas pagamintas i\u0161 laminuotos plok\u0161t\u0117s, atsparios dilimui ir \u012fbr\u0117\u017eimams, o priekin\u0117s dalys padengtos patvaria MDF plok\u0161te. Visas staliukas stovi ant 20 cm auk\u0161\u010dio juod\u0173 metalini\u0173 kojeli\u0173. Stalas yra to paties pavadinimo bald\u0173 kolekcijos dalis ir pristatomas supakuotas.<\/p>","protected":false},"excerpt":{"rendered":"<p>Plotis: 154 cm<br \/>\nGylis: 39 cm<br \/>\nAuk\u0161tis: 56 cm<br \/>\nAp\u0161vietimas: Su ap\u0161vietimu<br \/>\nBald\u0173 spalva: Ka\u0161myras<\/p>","protected":false},"featured_media":175766,"comment_status":"open","ping_status":"open","template":"","meta":[],"product_brand":[],"product_cat":[9557,4635,1175],"product_tag":[],"class_list":{"0":"post-175765","1":"product","2":"type-product","3":"status-publish","4":"has-post-thumbnail","6":"product_cat-furniture-system-sento-piaski","7":"product_cat-piaski","8":"product_cat-tv-stands","10":"first","11":"instock","12":"purchasable","13":"product-type-simple"},"_links":{"self":[{"href":"https:\/\/baldumarket.lt\/lt\/wp-json\/wp\/v2\/product\/175765","targetHints":{"allow":["GET"]}}],"collection":[{"href":"https:\/\/baldumarket.lt\/lt\/wp-json\/wp\/v2\/product"}],"about":[{"href":"https:\/\/baldumarket.lt\/lt\/wp-json\/wp\/v2\/types\/product"}],"replies":[{"embeddable":true,"href":"https:\/\/baldumarket.lt\/lt\/wp-json\/wp\/v2\/comments?post=175765"}],"wp:featuredmedia":[{"embeddable":true,"href":"https:\/\/baldumarket.lt\/lt\/wp-json\/wp\/v2\/media\/175766"}],"wp:attachment":[{"href":"https:\/\/baldumarket.lt\/lt\/wp-json\/wp\/v2\/media?parent=175765"}],"wp:term":[{"taxonomy":"product_brand","embeddable":true,"href":"https:\/\/baldumarket.lt\/lt\/wp-json\/wp\/v2\/product_brand?post=175765"},{"taxonomy":"product_cat","embeddable":true,"href":"https:\/\/baldumarket.lt\/lt\/wp-json\/wp\/v2\/product_cat?post=175765"},{"taxonomy":"product_tag","embeddable":true,"href":"https:\/\/baldumarket.lt\/lt\/wp-json\/wp\/v2\/product_tag?post=175765"}],"curies":[{"name":"wp","href":"https:\/\/api.w.org\/{rel}","templated":true}]}}