{"id":175758,"date":"2025-12-20T13:03:42","date_gmt":"2025-12-20T10:03:42","guid":{"rendered":"https:\/\/baldumarket.lt\/product\/szafka-rtv-royal-rtv180-trzydrzwiowa-czarny-zloty\/"},"modified":"2026-04-05T15:16:40","modified_gmt":"2026-04-05T12:16:40","slug":"szafka-rtv-royal-rtv180-trzydrzwiowa-czarny-zloty","status":"publish","type":"product","link":"https:\/\/baldumarket.lt\/lt\/product\/szafka-rtv-royal-rtv180-trzydrzwiowa-czarny-zloty\/","title":{"rendered":"ROYAL RTV180 televizoriaus spintel\u0117, trij\u0173 dur\u0173, juoda\/auksin\u0117"},"content":{"rendered":"<p>Juodas \u201eRoyal RTV 180\u201c televizoriaus staliukas \u017eavi savo patraukliu dizainu. Jo modern\u0173 charakter\u012f su\u0161velnina grioveliais puo\u0161ta priekin\u0117 dalis, pagaminta i\u0161 patvarios MDF plok\u0161t\u0117s, ir eleganti\u0161ki auksiniai akcentai. D\u0117l sant\u016braus stiliaus jis puikiai tinka tiek moderniam, tiek klasikiniam interjerui. Auksiniai dekoratyviniai elementai pabr\u0117\u017eia presti\u017ein\u012f bald\u0173 ry\u0161\u012f su prabangiu stiliumi. \u201eRoyal\u201c televizoriaus staliukas turi tris \u0161velniai u\u017esidaran\u010dias varstomas dureles ir pristatomas supakuotas. Jis yra to paties pavadinimo bald\u0173 komplekto dalis, leid\u017eianti sukurti darnius i\u0161d\u0117stymus.<\/p>","protected":false},"excerpt":{"rendered":"<p>Plotis: 180 cm<br \/>\nGylis: 39 cm<br \/>\nAuk\u0161tis: 42 cm<br \/>\nBald\u0173 spalva: juoda\/auksin\u0117<br \/>\nKoja: Cokolis<\/p>","protected":false},"featured_media":175759,"comment_status":"open","ping_status":"open","template":"","meta":[],"product_brand":[],"product_cat":[9563,4635,1175],"product_tag":[],"class_list":{"0":"post-175758","1":"product","2":"type-product","3":"status-publish","4":"has-post-thumbnail","6":"product_cat-furniture-system-royal-piaski","7":"product_cat-piaski","8":"product_cat-tv-stands","10":"first","11":"instock","12":"purchasable","13":"product-type-simple"},"_links":{"self":[{"href":"https:\/\/baldumarket.lt\/lt\/wp-json\/wp\/v2\/product\/175758","targetHints":{"allow":["GET"]}}],"collection":[{"href":"https:\/\/baldumarket.lt\/lt\/wp-json\/wp\/v2\/product"}],"about":[{"href":"https:\/\/baldumarket.lt\/lt\/wp-json\/wp\/v2\/types\/product"}],"replies":[{"embeddable":true,"href":"https:\/\/baldumarket.lt\/lt\/wp-json\/wp\/v2\/comments?post=175758"}],"wp:featuredmedia":[{"embeddable":true,"href":"https:\/\/baldumarket.lt\/lt\/wp-json\/wp\/v2\/media\/175759"}],"wp:attachment":[{"href":"https:\/\/baldumarket.lt\/lt\/wp-json\/wp\/v2\/media?parent=175758"}],"wp:term":[{"taxonomy":"product_brand","embeddable":true,"href":"https:\/\/baldumarket.lt\/lt\/wp-json\/wp\/v2\/product_brand?post=175758"},{"taxonomy":"product_cat","embeddable":true,"href":"https:\/\/baldumarket.lt\/lt\/wp-json\/wp\/v2\/product_cat?post=175758"},{"taxonomy":"product_tag","embeddable":true,"href":"https:\/\/baldumarket.lt\/lt\/wp-json\/wp\/v2\/product_tag?post=175758"}],"curies":[{"name":"wp","href":"https:\/\/api.w.org\/{rel}","templated":true}]}}