{"id":175726,"date":"2025-12-20T13:02:58","date_gmt":"2025-12-20T10:02:58","guid":{"rendered":"https:\/\/baldumarket.lt\/product\/szafka-rtv-primo-prtv-107-drzwiczki-dab-riviera-bialy\/"},"modified":"2026-04-05T15:16:29","modified_gmt":"2026-04-05T12:16:29","slug":"szafka-rtv-primo-prtv-107-drzwiczki-dab-riviera-bialy","status":"publish","type":"product","link":"https:\/\/baldumarket.lt\/lt\/product\/szafka-rtv-primo-prtv-107-drzwiczki-dab-riviera-bialy\/","title":{"rendered":"Primo PRTV 107 TV spintel\u0117, durel\u0117s, Riviera Oak\/White"},"content":{"rendered":"<p>\u201ePrima\u201c televizoriaus staliukas turi du erdvius skyrius su atlenkiamais atvartais. Apatin\u0117je dalyje yra auk\u0161tos (20 cm) medin\u0117s kojel\u0117s, pabr\u0117\u017eian\u010dios skandinavi\u0161k\u0105 stovo charakter\u012f. Komplekt\u0105 puo\u0161ia dekoratyvin\u0117s juostel\u0117s, pagamintos i\u0161 patvarios MDF plok\u0161t\u0117s, o korpusas \u2013 i\u0161 \u012fbr\u0117\u017eimams atsparios laminuotos bald\u0173 plok\u0161t\u0117s. Televizoriaus staliukas priklauso to paties pavadinimo bald\u0173 linijai ir pristatomas supakuotas.<\/p>","protected":false},"excerpt":{"rendered":"<p>Plotis: 107 cm<br \/>\nGylis: 40 cm<br \/>\nAuk\u0161tis: 50 cm<br \/>\nBald\u0173 spalva: Riviera Oak\/White<\/p>","protected":false},"featured_media":175727,"comment_status":"open","ping_status":"open","template":"","meta":[],"product_brand":[],"product_cat":[9565,4635,1175],"product_tag":[],"class_list":{"0":"post-175726","1":"product","2":"type-product","3":"status-publish","4":"has-post-thumbnail","6":"product_cat-furniture-system-primo-piaski","7":"product_cat-piaski","8":"product_cat-tv-stands","10":"first","11":"instock","12":"purchasable","13":"product-type-simple"},"_links":{"self":[{"href":"https:\/\/baldumarket.lt\/lt\/wp-json\/wp\/v2\/product\/175726","targetHints":{"allow":["GET"]}}],"collection":[{"href":"https:\/\/baldumarket.lt\/lt\/wp-json\/wp\/v2\/product"}],"about":[{"href":"https:\/\/baldumarket.lt\/lt\/wp-json\/wp\/v2\/types\/product"}],"replies":[{"embeddable":true,"href":"https:\/\/baldumarket.lt\/lt\/wp-json\/wp\/v2\/comments?post=175726"}],"wp:featuredmedia":[{"embeddable":true,"href":"https:\/\/baldumarket.lt\/lt\/wp-json\/wp\/v2\/media\/175727"}],"wp:attachment":[{"href":"https:\/\/baldumarket.lt\/lt\/wp-json\/wp\/v2\/media?parent=175726"}],"wp:term":[{"taxonomy":"product_brand","embeddable":true,"href":"https:\/\/baldumarket.lt\/lt\/wp-json\/wp\/v2\/product_brand?post=175726"},{"taxonomy":"product_cat","embeddable":true,"href":"https:\/\/baldumarket.lt\/lt\/wp-json\/wp\/v2\/product_cat?post=175726"},{"taxonomy":"product_tag","embeddable":true,"href":"https:\/\/baldumarket.lt\/lt\/wp-json\/wp\/v2\/product_tag?post=175726"}],"curies":[{"name":"wp","href":"https:\/\/api.w.org\/{rel}","templated":true}]}}