{"id":175722,"date":"2025-12-20T13:02:53","date_gmt":"2025-12-20T10:02:53","guid":{"rendered":"https:\/\/baldumarket.lt\/product\/szafka-rtv-oro-175-drzwiczki-wiszaca-szary-zloty\/"},"modified":"2026-02-12T10:28:45","modified_gmt":"2026-02-12T07:28:45","slug":"szafka-rtv-oro-175-drzwiczki-wiszaca-szary-zloty","status":"publish","type":"product","link":"https:\/\/baldumarket.lt\/lt\/product\/szafka-rtv-oro-175-drzwiczki-wiszaca-szary-zloty\/","title":{"rendered":"Oro 175 TV spintel\u0117, durel\u0117mis, montuojama ant sienos, pilka\/auksin\u0117"},"content":{"rendered":"<p>Didelis pilkos\/auksin\u0117s spalvos \u201eOro 175\u201c televizoriaus staliukas buvo sukurtas kabinti ant sienos, tod\u0117l atrodo unikaliai lengvas ir patraukliai. Jo konstrukcija leid\u017eia lengvai valyti po spintele naudojant savaeigius valymo \u012frenginius. Komplekte yra trys ni\u0161os su atver\u010diamais atvartais. Spintel\u0117 pagaminta i\u0161 \u012fbr\u0117\u017eimams atsparios laminuotos plok\u0161t\u0117s, kuriai b\u016bdingas padidintas atsparumas \u012fbr\u0117\u017eimams. Stovas pristatomas supakuotas su lengvai suprantamomis surinkimo instrukcijomis. Taip pat galima \u012fsigyti sm\u0117lio, juodos, baltos ir juodo marmuro spalv\u0173.<\/p>","protected":false},"excerpt":{"rendered":"<p>Plotis: 175 cm<br \/>\nGylis: 32 cm<br \/>\nAuk\u0161tis: 30 cm<br \/>\nBald\u0173 spalva: pilka\/auksin\u0117<\/p>","protected":false},"featured_media":175723,"comment_status":"open","ping_status":"open","template":"","meta":[],"product_brand":[],"product_cat":[9549,4635,1175],"product_tag":[],"class_list":{"0":"post-175722","1":"product","2":"type-product","3":"status-publish","4":"has-post-thumbnail","6":"product_cat-furniture-system-oro-piaski","7":"product_cat-piaski","8":"product_cat-tv-stands","10":"first","11":"instock","12":"purchasable","13":"product-type-simple"},"_links":{"self":[{"href":"https:\/\/baldumarket.lt\/lt\/wp-json\/wp\/v2\/product\/175722","targetHints":{"allow":["GET"]}}],"collection":[{"href":"https:\/\/baldumarket.lt\/lt\/wp-json\/wp\/v2\/product"}],"about":[{"href":"https:\/\/baldumarket.lt\/lt\/wp-json\/wp\/v2\/types\/product"}],"replies":[{"embeddable":true,"href":"https:\/\/baldumarket.lt\/lt\/wp-json\/wp\/v2\/comments?post=175722"}],"wp:featuredmedia":[{"embeddable":true,"href":"https:\/\/baldumarket.lt\/lt\/wp-json\/wp\/v2\/media\/175723"}],"wp:attachment":[{"href":"https:\/\/baldumarket.lt\/lt\/wp-json\/wp\/v2\/media?parent=175722"}],"wp:term":[{"taxonomy":"product_brand","embeddable":true,"href":"https:\/\/baldumarket.lt\/lt\/wp-json\/wp\/v2\/product_brand?post=175722"},{"taxonomy":"product_cat","embeddable":true,"href":"https:\/\/baldumarket.lt\/lt\/wp-json\/wp\/v2\/product_cat?post=175722"},{"taxonomy":"product_tag","embeddable":true,"href":"https:\/\/baldumarket.lt\/lt\/wp-json\/wp\/v2\/product_tag?post=175722"}],"curies":[{"name":"wp","href":"https:\/\/api.w.org\/{rel}","templated":true}]}}