{"id":175714,"date":"2025-12-20T13:02:42","date_gmt":"2025-12-20T10:02:42","guid":{"rendered":"https:\/\/baldumarket.lt\/product\/szafka-rtv-oro-175-drzwiczki-wiszaca-czarny-marmur-zloty\/"},"modified":"2026-02-12T10:28:55","modified_gmt":"2026-02-12T07:28:55","slug":"szafka-rtv-oro-175-drzwiczki-wiszaca-czarny-marmur-zloty","status":"publish","type":"product","link":"https:\/\/baldumarket.lt\/lt\/product\/szafka-rtv-oro-175-drzwiczki-wiszaca-czarny-marmur-zloty\/","title":{"rendered":"Oro 175 TV spintel\u0117, durel\u0117mis, montuojama prie sienos, juodas marmuras\/auksas"},"content":{"rendered":"<p>Didelis ir presti\u017einis \u201eOro 175\u201c juodo marmuro\/aukso spalvos televizoriaus staliukas buvo sukurtas montuoti prie sienos, tod\u0117l yra unikaliai lengvas ir patrauklios i\u0161vaizdos. Jo konstrukcija leid\u017eia lengvai valyti po spintele naudojant savaeig\u0119 valymo \u012frang\u0105. Komplekte yra trys ni\u0161os su atlenkiamomis atvartais. Spintel\u0117 pagaminta i\u0161 \u012fbr\u0117\u017eimams atsparios laminuotos plok\u0161t\u0117s, kuriai b\u016bdingas padidintas atsparumas \u012fbr\u0117\u017eimams. Stovas pristatomas supakuotas su ai\u0161kiomis surinkimo instrukcijomis. Jis taip pat yra sm\u0117lio, pilkos, baltos ir juodos spalv\u0173.<\/p>","protected":false},"excerpt":{"rendered":"<p>Plotis: 175 cm<br \/>\nGylis: 32 cm<br \/>\nAuk\u0161tis: 30 cm<br \/>\nBald\u0173 spalva: juodas marmuras \/ auksas<\/p>","protected":false},"featured_media":175715,"comment_status":"open","ping_status":"open","template":"","meta":[],"product_brand":[],"product_cat":[9549,4635,1175],"product_tag":[],"class_list":{"0":"post-175714","1":"product","2":"type-product","3":"status-publish","4":"has-post-thumbnail","6":"product_cat-furniture-system-oro-piaski","7":"product_cat-piaski","8":"product_cat-tv-stands","10":"first","11":"instock","12":"purchasable","13":"product-type-simple"},"_links":{"self":[{"href":"https:\/\/baldumarket.lt\/lt\/wp-json\/wp\/v2\/product\/175714","targetHints":{"allow":["GET"]}}],"collection":[{"href":"https:\/\/baldumarket.lt\/lt\/wp-json\/wp\/v2\/product"}],"about":[{"href":"https:\/\/baldumarket.lt\/lt\/wp-json\/wp\/v2\/types\/product"}],"replies":[{"embeddable":true,"href":"https:\/\/baldumarket.lt\/lt\/wp-json\/wp\/v2\/comments?post=175714"}],"wp:featuredmedia":[{"embeddable":true,"href":"https:\/\/baldumarket.lt\/lt\/wp-json\/wp\/v2\/media\/175715"}],"wp:attachment":[{"href":"https:\/\/baldumarket.lt\/lt\/wp-json\/wp\/v2\/media?parent=175714"}],"wp:term":[{"taxonomy":"product_brand","embeddable":true,"href":"https:\/\/baldumarket.lt\/lt\/wp-json\/wp\/v2\/product_brand?post=175714"},{"taxonomy":"product_cat","embeddable":true,"href":"https:\/\/baldumarket.lt\/lt\/wp-json\/wp\/v2\/product_cat?post=175714"},{"taxonomy":"product_tag","embeddable":true,"href":"https:\/\/baldumarket.lt\/lt\/wp-json\/wp\/v2\/product_tag?post=175714"}],"curies":[{"name":"wp","href":"https:\/\/api.w.org\/{rel}","templated":true}]}}