{"id":175706,"date":"2025-12-20T13:02:32","date_gmt":"2025-12-20T10:02:32","guid":{"rendered":"https:\/\/baldumarket.lt\/product\/szafka-rtv-oro-175-drzwiczki-wiszaca-bez-zloty\/"},"modified":"2026-02-12T10:28:55","modified_gmt":"2026-02-12T07:28:55","slug":"szafka-rtv-oro-175-drzwiczki-wiszaca-bez-zloty","status":"publish","type":"product","link":"https:\/\/baldumarket.lt\/lt\/product\/szafka-rtv-oro-175-drzwiczki-wiszaca-bez-zloty\/","title":{"rendered":"Oro 175 TV spintel\u0117, durel\u0117mis, montuojama ant sienos, sm\u0117lio\/aukso spalvos"},"content":{"rendered":"<p>Didelis ir modernus sm\u0117lio\/auksin\u0117s spalvos \u201eOro 175\u201c televizoriaus staliukas buvo sukurtas montuoti prie sienos, tod\u0117l pasi\u017eymi unikaliai lengvu ir patraukliu vaizdu. Jo konstrukcija leid\u017eia valyti po staliuku naudojant valymo robotus. Komplekte yra trys ni\u0161os su atlenkiamomis atvartais. Stalas pagamintas i\u0161 \u012fbr\u0117\u017eimams atsparios laminuotos plok\u0161t\u0117s, kuriai b\u016bdingas padidintas atsparumas \u012fbr\u0117\u017eimams. Stovas pristatomas paruo\u0161tas savaranki\u0161kam surinkimui, su ai\u0161kiomis instrukcijomis.<\/p>","protected":false},"excerpt":{"rendered":"<p>Plotis: 175 cm<br \/>\nGylis: 32 cm<br \/>\nAuk\u0161tis: 30 cm<br \/>\nBald\u0173 spalva: sm\u0117lio\/auksin\u0117<\/p>","protected":false},"featured_media":175707,"comment_status":"open","ping_status":"open","template":"","meta":[],"product_brand":[],"product_cat":[9549,4635,1175],"product_tag":[],"class_list":{"0":"post-175706","1":"product","2":"type-product","3":"status-publish","4":"has-post-thumbnail","6":"product_cat-furniture-system-oro-piaski","7":"product_cat-piaski","8":"product_cat-tv-stands","10":"first","11":"instock","12":"purchasable","13":"product-type-simple"},"_links":{"self":[{"href":"https:\/\/baldumarket.lt\/lt\/wp-json\/wp\/v2\/product\/175706","targetHints":{"allow":["GET"]}}],"collection":[{"href":"https:\/\/baldumarket.lt\/lt\/wp-json\/wp\/v2\/product"}],"about":[{"href":"https:\/\/baldumarket.lt\/lt\/wp-json\/wp\/v2\/types\/product"}],"replies":[{"embeddable":true,"href":"https:\/\/baldumarket.lt\/lt\/wp-json\/wp\/v2\/comments?post=175706"}],"wp:featuredmedia":[{"embeddable":true,"href":"https:\/\/baldumarket.lt\/lt\/wp-json\/wp\/v2\/media\/175707"}],"wp:attachment":[{"href":"https:\/\/baldumarket.lt\/lt\/wp-json\/wp\/v2\/media?parent=175706"}],"wp:term":[{"taxonomy":"product_brand","embeddable":true,"href":"https:\/\/baldumarket.lt\/lt\/wp-json\/wp\/v2\/product_brand?post=175706"},{"taxonomy":"product_cat","embeddable":true,"href":"https:\/\/baldumarket.lt\/lt\/wp-json\/wp\/v2\/product_cat?post=175706"},{"taxonomy":"product_tag","embeddable":true,"href":"https:\/\/baldumarket.lt\/lt\/wp-json\/wp\/v2\/product_tag?post=175706"}],"curies":[{"name":"wp","href":"https:\/\/api.w.org\/{rel}","templated":true}]}}