{"id":175678,"date":"2025-12-20T13:01:57","date_gmt":"2025-12-20T10:01:57","guid":{"rendered":"https:\/\/baldumarket.lt\/product\/szafka-rtv-oro-135-drzwiczki-wiszaca-czarny-marmur-zloty\/"},"modified":"2026-02-12T10:29:04","modified_gmt":"2026-02-12T07:29:04","slug":"szafka-rtv-oro-135-drzwiczki-wiszaca-czarny-marmur-zloty","status":"publish","type":"product","link":"https:\/\/baldumarket.lt\/lt\/product\/szafka-rtv-oro-135-drzwiczki-wiszaca-czarny-marmur-zloty\/","title":{"rendered":"Oro 135 TV spintel\u0117, durel\u0117mis, montuojama ant sienos, juodas marmuras\/auksas"},"content":{"rendered":"<p>I\u0161skirtinai eleganti\u0161ka \u201eOro 135\u201c prie sienos montuojama televizoriaus spintel\u0117 juodo marmuro\/aukso spalvos turi dvejas varstomas duris su atvartais. Spintel\u0117 pagaminta i\u0161 \u012fbr\u0117\u017eimams atsparios laminuotos plok\u0161t\u0117s, kuriai b\u016bdingas padidintas atsparumas \u012fbr\u0117\u017eimams. Spintel\u0117 pristatoma paruo\u0161ta surinkimui, kartu su ai\u0161kiomis instrukcijomis.<\/p>","protected":false},"excerpt":{"rendered":"<p>Plotis: 135 cm<br \/>\nGylis: 32 cm<br \/>\nAuk\u0161tis: 30 cm<br \/>\nBald\u0173 spalva: juodas marmuras \/ auksas<\/p>","protected":false},"featured_media":175679,"comment_status":"open","ping_status":"open","template":"","meta":[],"product_brand":[],"product_cat":[9549,4635,1175],"product_tag":[],"class_list":{"0":"post-175678","1":"product","2":"type-product","3":"status-publish","4":"has-post-thumbnail","6":"product_cat-furniture-system-oro-piaski","7":"product_cat-piaski","8":"product_cat-tv-stands","10":"first","11":"instock","12":"purchasable","13":"product-type-simple"},"_links":{"self":[{"href":"https:\/\/baldumarket.lt\/lt\/wp-json\/wp\/v2\/product\/175678","targetHints":{"allow":["GET"]}}],"collection":[{"href":"https:\/\/baldumarket.lt\/lt\/wp-json\/wp\/v2\/product"}],"about":[{"href":"https:\/\/baldumarket.lt\/lt\/wp-json\/wp\/v2\/types\/product"}],"replies":[{"embeddable":true,"href":"https:\/\/baldumarket.lt\/lt\/wp-json\/wp\/v2\/comments?post=175678"}],"wp:featuredmedia":[{"embeddable":true,"href":"https:\/\/baldumarket.lt\/lt\/wp-json\/wp\/v2\/media\/175679"}],"wp:attachment":[{"href":"https:\/\/baldumarket.lt\/lt\/wp-json\/wp\/v2\/media?parent=175678"}],"wp:term":[{"taxonomy":"product_brand","embeddable":true,"href":"https:\/\/baldumarket.lt\/lt\/wp-json\/wp\/v2\/product_brand?post=175678"},{"taxonomy":"product_cat","embeddable":true,"href":"https:\/\/baldumarket.lt\/lt\/wp-json\/wp\/v2\/product_cat?post=175678"},{"taxonomy":"product_tag","embeddable":true,"href":"https:\/\/baldumarket.lt\/lt\/wp-json\/wp\/v2\/product_tag?post=175678"}],"curies":[{"name":"wp","href":"https:\/\/api.w.org\/{rel}","templated":true}]}}