{"id":175638,"date":"2025-12-20T13:01:05","date_gmt":"2025-12-20T10:01:05","guid":{"rendered":"https:\/\/baldumarket.lt\/product\/szafka-rtv-nova-rtv154-drzwiczki-szuflada-wneka-szara-czarna-rama\/"},"modified":"2026-04-05T15:34:03","modified_gmt":"2026-04-05T12:34:03","slug":"szafka-rtv-nova-rtv154-drzwiczki-szuflada-wneka-szara-czarna-rama","status":"publish","type":"product","link":"https:\/\/baldumarket.lt\/lt\/product\/szafka-rtv-nova-rtv154-drzwiczki-szuflada-wneka-szara-czarna-rama\/","title":{"rendered":"Nova RTV154 televizoriaus spintel\u0117, durel\u0117mis, stal\u010diumi, ni\u0161a, pilkas\/juodas r\u0117mas"},"content":{"rendered":"<p>Modernus ir dizainerio sukurtas \u201eNova RTV154\u201c televizoriaus staliukas su grioveliais i\u0161 MDF plok\u0161t\u0117s fasadais turi dvejas varstomas duris, \u012fgilint\u0105 \u012frangos skyri\u0173 su kabelio i\u0161vadu ir prakti\u0161k\u0105 stal\u010di\u0173. Aukso spalvos metalin\u0117 rankena pabr\u0117\u017eia eleganti\u0161k\u0105 dizain\u0105. Apa\u010dioje yra juodas metalinis r\u0117mas su auk\u0161tomis (20 cm) kojel\u0117mis. Televizoriaus staliukas pagamintas i\u0161 \u012fbr\u0117\u017eimams atsparios pilkos laminuotos plok\u0161t\u0117s ir pristatomas i\u0161ardytas su lengvai suprantamomis instrukcijomis. Spintel\u0119 taip pat galima \u012fsigyti su auksiniu pagrindu ir kojel\u0117mis.<\/p>","protected":false},"excerpt":{"rendered":"<p>Plotis: 154 cm<br \/>\nGylis: 39 cm<br \/>\nAuk\u0161tis: 56 cm<br \/>\nBald\u0173 spalva: pilka\/juoda<br \/>\nKoja: juoda<\/p>","protected":false},"featured_media":175639,"comment_status":"open","ping_status":"open","template":"","meta":[],"product_brand":[],"product_cat":[9567,4635,1175],"product_tag":[],"class_list":{"0":"post-175638","1":"product","2":"type-product","3":"status-publish","4":"has-post-thumbnail","6":"product_cat-furniture-system-nova-piaski","7":"product_cat-piaski","8":"product_cat-tv-stands","10":"first","11":"instock","12":"purchasable","13":"product-type-simple"},"_links":{"self":[{"href":"https:\/\/baldumarket.lt\/lt\/wp-json\/wp\/v2\/product\/175638","targetHints":{"allow":["GET"]}}],"collection":[{"href":"https:\/\/baldumarket.lt\/lt\/wp-json\/wp\/v2\/product"}],"about":[{"href":"https:\/\/baldumarket.lt\/lt\/wp-json\/wp\/v2\/types\/product"}],"replies":[{"embeddable":true,"href":"https:\/\/baldumarket.lt\/lt\/wp-json\/wp\/v2\/comments?post=175638"}],"wp:featuredmedia":[{"embeddable":true,"href":"https:\/\/baldumarket.lt\/lt\/wp-json\/wp\/v2\/media\/175639"}],"wp:attachment":[{"href":"https:\/\/baldumarket.lt\/lt\/wp-json\/wp\/v2\/media?parent=175638"}],"wp:term":[{"taxonomy":"product_brand","embeddable":true,"href":"https:\/\/baldumarket.lt\/lt\/wp-json\/wp\/v2\/product_brand?post=175638"},{"taxonomy":"product_cat","embeddable":true,"href":"https:\/\/baldumarket.lt\/lt\/wp-json\/wp\/v2\/product_cat?post=175638"},{"taxonomy":"product_tag","embeddable":true,"href":"https:\/\/baldumarket.lt\/lt\/wp-json\/wp\/v2\/product_tag?post=175638"}],"curies":[{"name":"wp","href":"https:\/\/api.w.org\/{rel}","templated":true}]}}