{"id":175606,"date":"2025-12-20T13:00:19","date_gmt":"2025-12-20T10:00:19","guid":{"rendered":"https:\/\/baldumarket.lt\/product\/szafka-rtv-nova-rtv154-drzwiczki-szuflada-wneka-biala-czarna-rama\/"},"modified":"2026-04-05T15:34:03","modified_gmt":"2026-04-05T12:34:03","slug":"szafka-rtv-nova-rtv154-drzwiczki-szuflada-wneka-biala-czarna-rama","status":"publish","type":"product","link":"https:\/\/baldumarket.lt\/lt\/product\/szafka-rtv-nova-rtv154-drzwiczki-szuflada-wneka-biala-czarna-rama\/","title":{"rendered":"Nova RTV154 TV spintel\u0117, durel\u0117mis, stal\u010diumi, ni\u0161a, baltas\/juodas r\u0117mas"},"content":{"rendered":"<p>Patrauklus \u201eNova RTV154\u201c televizoriaus staliukas turi dvejas varstomas duris, \u012fleid\u017eiam\u0105 \u012frangos skyri\u0173 su kabelio i\u0161vadu ir prakti\u0161k\u0105 stal\u010di\u0173. Aukso spalvos metalin\u0117 rankena ant grioveli\u0173 MDF priekio sustiprina eleganti\u0161k\u0105 dizain\u0105. Komplekto pagrind\u0105 sudaro juodas metalinis r\u0117mas su auk\u0161tomis (20 cm) kojel\u0117mis. Televizoriaus staliukas pagamintas i\u0161 \u012fbr\u0117\u017eimams atsparios baltos laminuotos plok\u0161t\u0117s ir pristatomas plok\u0161\u010diai supakuotas su lengvai suprantamomis surinkimo instrukcijomis. Spintel\u0119 taip pat galima \u012fsigyti su aukso spalvos pagrindu.<\/p>","protected":false},"excerpt":{"rendered":"<p>Plotis: 154 cm<br \/>\nGylis: 39 cm<br \/>\nAuk\u0161tis: 56 cm<br \/>\nBald\u0173 spalva: balta\/juoda<br \/>\nKoja: juoda<\/p>","protected":false},"featured_media":175607,"comment_status":"open","ping_status":"open","template":"","meta":[],"product_brand":[],"product_cat":[9567,4635,1175],"product_tag":[],"class_list":{"0":"post-175606","1":"product","2":"type-product","3":"status-publish","4":"has-post-thumbnail","6":"product_cat-furniture-system-nova-piaski","7":"product_cat-piaski","8":"product_cat-tv-stands","10":"first","11":"instock","12":"purchasable","13":"product-type-simple"},"_links":{"self":[{"href":"https:\/\/baldumarket.lt\/lt\/wp-json\/wp\/v2\/product\/175606","targetHints":{"allow":["GET"]}}],"collection":[{"href":"https:\/\/baldumarket.lt\/lt\/wp-json\/wp\/v2\/product"}],"about":[{"href":"https:\/\/baldumarket.lt\/lt\/wp-json\/wp\/v2\/types\/product"}],"replies":[{"embeddable":true,"href":"https:\/\/baldumarket.lt\/lt\/wp-json\/wp\/v2\/comments?post=175606"}],"wp:featuredmedia":[{"embeddable":true,"href":"https:\/\/baldumarket.lt\/lt\/wp-json\/wp\/v2\/media\/175607"}],"wp:attachment":[{"href":"https:\/\/baldumarket.lt\/lt\/wp-json\/wp\/v2\/media?parent=175606"}],"wp:term":[{"taxonomy":"product_brand","embeddable":true,"href":"https:\/\/baldumarket.lt\/lt\/wp-json\/wp\/v2\/product_brand?post=175606"},{"taxonomy":"product_cat","embeddable":true,"href":"https:\/\/baldumarket.lt\/lt\/wp-json\/wp\/v2\/product_cat?post=175606"},{"taxonomy":"product_tag","embeddable":true,"href":"https:\/\/baldumarket.lt\/lt\/wp-json\/wp\/v2\/product_tag?post=175606"}],"curies":[{"name":"wp","href":"https:\/\/api.w.org\/{rel}","templated":true}]}}