{"id":175574,"date":"2025-12-20T12:59:38","date_gmt":"2025-12-20T09:59:38","guid":{"rendered":"https:\/\/baldumarket.lt\/product\/szafka-rtv-nordi-nrtv107-szuflady-bialy-polysk-dab-riviera\/"},"modified":"2026-04-05T16:08:46","modified_gmt":"2026-04-05T13:08:46","slug":"szafka-rtv-nordi-nrtv107-szuflady-bialy-polysk-dab-riviera","status":"publish","type":"product","link":"https:\/\/baldumarket.lt\/lt\/product\/szafka-rtv-nordi-nrtv107-szuflady-bialy-polysk-dab-riviera\/","title":{"rendered":"Nordi NRTV107 TV spintel\u0117 su stal\u010diais, balta blizgi\/Riviera \u0105\u017euolas"},"content":{"rendered":"<p>Modernus \u201eNordi NRTV107\u201c televizoriaus staliukas traukia d\u0117mes\u012f savo auk\u0161tomis medin\u0117mis kojel\u0117mis (20 cm), kurios leid\u017eia lengvai i\u0161valyti po komoda robotiniu dulki\u0173 siurbliu. Komplekte yra du erdv\u016bs stal\u010diai, kuri\u0173 priekiai pagaminti i\u0161 patvarios, blizgios baltos MDF plok\u0161t\u0117s. Televizoriaus staliukas pagamintas i\u0161 laminuotos bald\u0173 plok\u0161t\u0117s su matine balta apdaila ir \u201eRiviera Oak\u201c \u012fd\u0117klais, kurie pasi\u017eymi padidintu atsparumu \u012fbr\u0117\u017eimams. Jis priklauso pla\u010diai to paties pavadinimo bald\u0173 programai ir taip pat si\u016blomas \u201eArtisan Oak\u201c spalvos. Spintel\u0117 pristatoma i\u0161ardyta ir pridedamos ai\u0161kios surinkimo instrukcijos.<\/p>","protected":false},"excerpt":{"rendered":"<p>Plotis: 107 cm<br \/>\nGylis: 40 cm<br \/>\nAuk\u0161tis: 50 cm<br \/>\nBald\u0173 spalva: balta \/ Riviera Oak \/ blizgi balta<br \/>\nKojel\u0117s: juodas medinis<\/p>","protected":false},"featured_media":175575,"comment_status":"open","ping_status":"open","template":"","meta":[],"product_brand":[],"product_cat":[9572,9115,4635,1175],"product_tag":[],"class_list":{"0":"post-175574","1":"product","2":"type-product","3":"status-publish","4":"has-post-thumbnail","6":"product_cat-furniture-system-nordi-piaski","7":"product_cat-nordi","8":"product_cat-piaski","9":"product_cat-tv-stands","11":"first","12":"instock","13":"purchasable","14":"product-type-simple"},"_links":{"self":[{"href":"https:\/\/baldumarket.lt\/lt\/wp-json\/wp\/v2\/product\/175574","targetHints":{"allow":["GET"]}}],"collection":[{"href":"https:\/\/baldumarket.lt\/lt\/wp-json\/wp\/v2\/product"}],"about":[{"href":"https:\/\/baldumarket.lt\/lt\/wp-json\/wp\/v2\/types\/product"}],"replies":[{"embeddable":true,"href":"https:\/\/baldumarket.lt\/lt\/wp-json\/wp\/v2\/comments?post=175574"}],"wp:featuredmedia":[{"embeddable":true,"href":"https:\/\/baldumarket.lt\/lt\/wp-json\/wp\/v2\/media\/175575"}],"wp:attachment":[{"href":"https:\/\/baldumarket.lt\/lt\/wp-json\/wp\/v2\/media?parent=175574"}],"wp:term":[{"taxonomy":"product_brand","embeddable":true,"href":"https:\/\/baldumarket.lt\/lt\/wp-json\/wp\/v2\/product_brand?post=175574"},{"taxonomy":"product_cat","embeddable":true,"href":"https:\/\/baldumarket.lt\/lt\/wp-json\/wp\/v2\/product_cat?post=175574"},{"taxonomy":"product_tag","embeddable":true,"href":"https:\/\/baldumarket.lt\/lt\/wp-json\/wp\/v2\/product_tag?post=175574"}],"curies":[{"name":"wp","href":"https:\/\/api.w.org\/{rel}","templated":true}]}}