{"id":175566,"date":"2025-12-20T12:59:29","date_gmt":"2025-12-20T09:59:29","guid":{"rendered":"https:\/\/baldumarket.lt\/product\/szafka-rtv-mono-mrtv154-drzwiczki-szuflada-wneka-granatowa-zlota-rama\/"},"modified":"2026-04-05T15:33:53","modified_gmt":"2026-04-05T12:33:53","slug":"szafka-rtv-mono-mrtv154-drzwiczki-szuflada-wneka-granatowa-zlota-rama","status":"publish","type":"product","link":"https:\/\/baldumarket.lt\/lt\/product\/szafka-rtv-mono-mrtv154-drzwiczki-szuflada-wneka-granatowa-zlota-rama\/","title":{"rendered":"Mono TV spintel\u0117 MRTV154, durel\u0117mis, stal\u010diumi, ni\u0161a, tamsiai m\u0117lynas\/auksinis r\u0117mas"},"content":{"rendered":"<p>Stilingas ir gra\u017eus \u201eMono MRTV154\u201c televizoriaus staliukas turi dvejas varstomas spintel\u0117s dureles, \u012fleid\u017eiam\u0105 \u012frangos skyri\u0173 su kabelio i\u0161vadu ir prakti\u0161k\u0105 stal\u010di\u0173. Aukso spalvos metalin\u0117 rankena pary\u0161kina eleganti\u0161k\u0105 dizain\u0105. Apa\u010dioje yra aukso spalvos metalinis r\u0117mas su auk\u0161tomis kojel\u0117mis (18 cm). Televizoriaus staliukas pagamintas i\u0161 \u012fbr\u0117\u017eimams atsparios laminuotos plok\u0161t\u0117s, matin\u0117s tamsiai m\u0117lynos spalvos, ir pristatomas supakuotas kartu su lengvai suprantamomis surinkimo instrukcijomis. Spintel\u0119 taip pat galima \u012fsigyti su juodu pagrindu.<\/p>","protected":false},"excerpt":{"rendered":"<p>Plotis: 154 cm<br \/>\nGylis: 39 cm<br \/>\nAuk\u0161tis: 56 cm<br \/>\nBald\u0173 spalva: tamsiai m\u0117lyna\/auksin\u0117<br \/>\nKoja: auksin\u0117<\/p>","protected":false},"featured_media":175567,"comment_status":"open","ping_status":"open","template":"","meta":[],"product_brand":[],"product_cat":[9566,4635,1175],"product_tag":[],"class_list":{"0":"post-175566","1":"product","2":"type-product","3":"status-publish","4":"has-post-thumbnail","6":"product_cat-furniture-system-mono-piaski","7":"product_cat-piaski","8":"product_cat-tv-stands","10":"first","11":"instock","12":"purchasable","13":"product-type-simple"},"_links":{"self":[{"href":"https:\/\/baldumarket.lt\/lt\/wp-json\/wp\/v2\/product\/175566","targetHints":{"allow":["GET"]}}],"collection":[{"href":"https:\/\/baldumarket.lt\/lt\/wp-json\/wp\/v2\/product"}],"about":[{"href":"https:\/\/baldumarket.lt\/lt\/wp-json\/wp\/v2\/types\/product"}],"replies":[{"embeddable":true,"href":"https:\/\/baldumarket.lt\/lt\/wp-json\/wp\/v2\/comments?post=175566"}],"wp:featuredmedia":[{"embeddable":true,"href":"https:\/\/baldumarket.lt\/lt\/wp-json\/wp\/v2\/media\/175567"}],"wp:attachment":[{"href":"https:\/\/baldumarket.lt\/lt\/wp-json\/wp\/v2\/media?parent=175566"}],"wp:term":[{"taxonomy":"product_brand","embeddable":true,"href":"https:\/\/baldumarket.lt\/lt\/wp-json\/wp\/v2\/product_brand?post=175566"},{"taxonomy":"product_cat","embeddable":true,"href":"https:\/\/baldumarket.lt\/lt\/wp-json\/wp\/v2\/product_cat?post=175566"},{"taxonomy":"product_tag","embeddable":true,"href":"https:\/\/baldumarket.lt\/lt\/wp-json\/wp\/v2\/product_tag?post=175566"}],"curies":[{"name":"wp","href":"https:\/\/api.w.org\/{rel}","templated":true}]}}