{"id":175550,"date":"2025-12-20T12:59:11","date_gmt":"2025-12-20T09:59:11","guid":{"rendered":"https:\/\/baldumarket.lt\/product\/szafka-rtv-mono-mrtv154-drzwiczki-szuflada-wneka-bez-piaskowy-zlota-rama\/"},"modified":"2026-04-05T15:33:53","modified_gmt":"2026-04-05T12:33:53","slug":"szafka-rtv-mono-mrtv154-drzwiczki-szuflada-wneka-bez-piaskowy-zlota-rama","status":"publish","type":"product","link":"https:\/\/baldumarket.lt\/lt\/product\/szafka-rtv-mono-mrtv154-drzwiczki-szuflada-wneka-bez-piaskowy-zlota-rama\/","title":{"rendered":"Mono TV spintel\u0117 MRTV154, durys, stal\u010dius, ni\u0161a, sm\u0117lio spalvos\/auksinis r\u0117mas"},"content":{"rendered":"<p>Stilingas \u201eMono MRTV154\u201c televizoriaus staliukas turi dvejas varstomas spintel\u0117s dureles, \u012fleid\u017eiam\u0105 \u012frangos skyri\u0173 su kabelio i\u0161vadu ir prakti\u0161k\u0105 stal\u010di\u0173. Aukso spalvos metalin\u0117 rankena pabr\u0117\u017eia eleganti\u0161k\u0105 dizain\u0105. Apa\u010dioje yra tvirtas auksinis metalinis r\u0117mas su auk\u0161tomis (18 cm) kojel\u0117mis. Televizoriaus staliukas pagamintas i\u0161 \u012fbr\u0117\u017eimams atsparios sm\u0117lio spalvos laminuotos plok\u0161t\u0117s ir pristatomas supakuotas kartu su lengvai suprantamomis surinkimo instrukcijomis. Taip pat galima \u012fsigyti versij\u0105 su juodu r\u0117mu ir kojel\u0117mis.<\/p>","protected":false},"excerpt":{"rendered":"<p>Plotis: 154 cm<br \/>\nGylis: 39 cm<br \/>\nAuk\u0161tis: 56 cm<br \/>\nBald\u0173 spalva: sm\u0117lio\/auksin\u0117<br \/>\nKoja: auksin\u0117<\/p>","protected":false},"featured_media":175551,"comment_status":"open","ping_status":"open","template":"","meta":[],"product_brand":[],"product_cat":[9566,4635,1175],"product_tag":[],"class_list":{"0":"post-175550","1":"product","2":"type-product","3":"status-publish","4":"has-post-thumbnail","6":"product_cat-furniture-system-mono-piaski","7":"product_cat-piaski","8":"product_cat-tv-stands","10":"first","11":"instock","12":"purchasable","13":"product-type-simple"},"_links":{"self":[{"href":"https:\/\/baldumarket.lt\/lt\/wp-json\/wp\/v2\/product\/175550","targetHints":{"allow":["GET"]}}],"collection":[{"href":"https:\/\/baldumarket.lt\/lt\/wp-json\/wp\/v2\/product"}],"about":[{"href":"https:\/\/baldumarket.lt\/lt\/wp-json\/wp\/v2\/types\/product"}],"replies":[{"embeddable":true,"href":"https:\/\/baldumarket.lt\/lt\/wp-json\/wp\/v2\/comments?post=175550"}],"wp:featuredmedia":[{"embeddable":true,"href":"https:\/\/baldumarket.lt\/lt\/wp-json\/wp\/v2\/media\/175551"}],"wp:attachment":[{"href":"https:\/\/baldumarket.lt\/lt\/wp-json\/wp\/v2\/media?parent=175550"}],"wp:term":[{"taxonomy":"product_brand","embeddable":true,"href":"https:\/\/baldumarket.lt\/lt\/wp-json\/wp\/v2\/product_brand?post=175550"},{"taxonomy":"product_cat","embeddable":true,"href":"https:\/\/baldumarket.lt\/lt\/wp-json\/wp\/v2\/product_cat?post=175550"},{"taxonomy":"product_tag","embeddable":true,"href":"https:\/\/baldumarket.lt\/lt\/wp-json\/wp\/v2\/product_tag?post=175550"}],"curies":[{"name":"wp","href":"https:\/\/api.w.org\/{rel}","templated":true}]}}