{"id":175534,"date":"2025-12-20T12:58:51","date_gmt":"2025-12-20T09:58:51","guid":{"rendered":"https:\/\/baldumarket.lt\/product\/szafka-rtv-harmony-rtv144-drzwiczki-wneka-szuflada-czarny-grafit-marmur-black-royal\/"},"modified":"2026-04-05T16:08:46","modified_gmt":"2026-04-05T13:08:46","slug":"szafka-rtv-harmony-rtv144-drzwiczki-wneka-szuflada-czarny-grafit-marmur-black-royal","status":"publish","type":"product","link":"https:\/\/baldumarket.lt\/lt\/product\/szafka-rtv-harmony-rtv144-drzwiczki-wneka-szuflada-czarny-grafit-marmur-black-royal\/","title":{"rendered":"Harmony RTV144 TV spintel\u0117, durel\u0117mis, ni\u0161a, stal\u010diumi, juodas grafitas\/juodas karali\u0161kas marmuras"},"content":{"rendered":"<p>Modernus ir \u017eaviai gra\u017eus \u201eHarmony RTV144\u201c televizoriaus staliukas pasi\u017eymi \u017eemesniu stalvir\u0161iu su juodo karali\u0161kojo marmuro dizainu. Tai puiki vieta eksponuoti garso ir vaizdo \u012frang\u0105. Dvejos rakinamos spintel\u0117s durel\u0117s, ni\u0161a dekoderiui ir prakti\u0161kas stal\u010dius u\u017etikrina auk\u0161t\u0105 spintel\u0117s funkcionalum\u0105. Apatin\u0117je dalyje yra auk\u0161tos, aukso spalvos metalin\u0117s kojel\u0117s (20 cm), kurios suteikia visam baldui elegancijos ir lengvumo. Komplektas pagamintas i\u0161 \u012fbr\u0117\u017eimams atsparios laminuotos plok\u0161t\u0117s ir pristatomas plok\u0161\u010diai supakuotas su lengvai suprantamomis surinkimo instrukcijomis.<\/p>","protected":false},"excerpt":{"rendered":"<p>Plotis: 144 cm<br \/>\nGylis: 37 cm<br \/>\nAuk\u0161tis: 55 cm<br \/>\nBald\u0173 spalva: Grafito juoda \/ Karali\u0161kasis juodas marmuras<br \/>\nKoja: aukso spalvos metalas<\/p>","protected":false},"featured_media":175535,"comment_status":"open","ping_status":"open","template":"","meta":[],"product_brand":[],"product_cat":[9561,4635,1175],"product_tag":[],"class_list":{"0":"post-175534","1":"product","2":"type-product","3":"status-publish","4":"has-post-thumbnail","6":"product_cat-furniture-system-harmony-piaski","7":"product_cat-piaski","8":"product_cat-tv-stands","10":"first","11":"instock","12":"purchasable","13":"product-type-simple"},"_links":{"self":[{"href":"https:\/\/baldumarket.lt\/lt\/wp-json\/wp\/v2\/product\/175534","targetHints":{"allow":["GET"]}}],"collection":[{"href":"https:\/\/baldumarket.lt\/lt\/wp-json\/wp\/v2\/product"}],"about":[{"href":"https:\/\/baldumarket.lt\/lt\/wp-json\/wp\/v2\/types\/product"}],"replies":[{"embeddable":true,"href":"https:\/\/baldumarket.lt\/lt\/wp-json\/wp\/v2\/comments?post=175534"}],"wp:featuredmedia":[{"embeddable":true,"href":"https:\/\/baldumarket.lt\/lt\/wp-json\/wp\/v2\/media\/175535"}],"wp:attachment":[{"href":"https:\/\/baldumarket.lt\/lt\/wp-json\/wp\/v2\/media?parent=175534"}],"wp:term":[{"taxonomy":"product_brand","embeddable":true,"href":"https:\/\/baldumarket.lt\/lt\/wp-json\/wp\/v2\/product_brand?post=175534"},{"taxonomy":"product_cat","embeddable":true,"href":"https:\/\/baldumarket.lt\/lt\/wp-json\/wp\/v2\/product_cat?post=175534"},{"taxonomy":"product_tag","embeddable":true,"href":"https:\/\/baldumarket.lt\/lt\/wp-json\/wp\/v2\/product_tag?post=175534"}],"curies":[{"name":"wp","href":"https:\/\/api.w.org\/{rel}","templated":true}]}}