{"id":175518,"date":"2025-12-20T12:58:30","date_gmt":"2025-12-20T09:58:30","guid":{"rendered":"https:\/\/baldumarket.lt\/product\/szafka-rtv-forest-rtv158-drzwiczki-bez-piaskowy-jodelka-skandi\/"},"modified":"2026-04-05T16:08:46","modified_gmt":"2026-04-05T13:08:46","slug":"szafka-rtv-forest-rtv158-drzwiczki-bez-piaskowy-jodelka-skandi","status":"publish","type":"product","link":"https:\/\/baldumarket.lt\/lt\/product\/szafka-rtv-forest-rtv158-drzwiczki-bez-piaskowy-jodelka-skandi\/","title":{"rendered":"Forest RTV158 TV spintel\u0117, durel\u0117mis, sm\u0117lio spalvos\/skandinavi\u0161ko ra\u0161to"},"content":{"rendered":"<p>Modernus \u201eForest RTV158\u201c televizoriaus staliukas turi tris u\u017esegamus skyrius, kuriuose telpa \u012fvair\u016bs smulk\u016bs daiktai. Spintel\u0117s r\u0117mas yra sm\u0117lio spalvos, o priekin\u0117 dalis \u2013 su skandinavi\u0161ku \u201eeglut\u0117s\u201c ra\u0161tu. Aukso spalvos metalin\u0117 rankena u\u017ebaigia i\u0161vaizd\u0105. Apatin\u0117 dalis turi plonas kojeles, kurios yra tokios pa\u010dios spalvos kaip ir r\u0117mas. Televizoriaus staliukas pagamintas i\u0161 \u012fbr\u0117\u017eimams atsparios laminuotos plok\u0161t\u0117s ir pristatomas supakuotas kartu su lengvai suprantamomis surinkimo instrukcijomis.<\/p>","protected":false},"excerpt":{"rendered":"<p>Plotis: 158 cm<br \/>\nGylis: 38 cm<br \/>\nAuk\u0161tis: 52 cm<br \/>\nBald\u0173 spalva: sm\u0117lio spalvos \/ skandinavi\u0161ko silk\u0117s kaulo spalvos<br \/>\nKoja: sm\u0117lio spalvos<\/p>","protected":false},"featured_media":175519,"comment_status":"open","ping_status":"open","template":"","meta":[],"product_brand":[],"product_cat":[9560,4635,1175],"product_tag":[],"class_list":{"0":"post-175518","1":"product","2":"type-product","3":"status-publish","4":"has-post-thumbnail","6":"product_cat-furniture-system-forest-piaski","7":"product_cat-piaski","8":"product_cat-tv-stands","10":"first","11":"instock","12":"purchasable","13":"product-type-simple"},"_links":{"self":[{"href":"https:\/\/baldumarket.lt\/lt\/wp-json\/wp\/v2\/product\/175518","targetHints":{"allow":["GET"]}}],"collection":[{"href":"https:\/\/baldumarket.lt\/lt\/wp-json\/wp\/v2\/product"}],"about":[{"href":"https:\/\/baldumarket.lt\/lt\/wp-json\/wp\/v2\/types\/product"}],"replies":[{"embeddable":true,"href":"https:\/\/baldumarket.lt\/lt\/wp-json\/wp\/v2\/comments?post=175518"}],"wp:featuredmedia":[{"embeddable":true,"href":"https:\/\/baldumarket.lt\/lt\/wp-json\/wp\/v2\/media\/175519"}],"wp:attachment":[{"href":"https:\/\/baldumarket.lt\/lt\/wp-json\/wp\/v2\/media?parent=175518"}],"wp:term":[{"taxonomy":"product_brand","embeddable":true,"href":"https:\/\/baldumarket.lt\/lt\/wp-json\/wp\/v2\/product_brand?post=175518"},{"taxonomy":"product_cat","embeddable":true,"href":"https:\/\/baldumarket.lt\/lt\/wp-json\/wp\/v2\/product_cat?post=175518"},{"taxonomy":"product_tag","embeddable":true,"href":"https:\/\/baldumarket.lt\/lt\/wp-json\/wp\/v2\/product_tag?post=175518"}],"curies":[{"name":"wp","href":"https:\/\/api.w.org\/{rel}","templated":true}]}}