{"id":175510,"date":"2025-12-20T12:58:20","date_gmt":"2025-12-20T09:58:20","guid":{"rendered":"https:\/\/baldumarket.lt\/product\/szafka-rtv-diamond-rtv154-drzwiczki-wneki-dab-evoke-czarny\/"},"modified":"2026-04-05T16:08:37","modified_gmt":"2026-04-05T13:08:37","slug":"szafka-rtv-diamond-rtv154-drzwiczki-wneki-dab-evoke-czarny","status":"publish","type":"product","link":"https:\/\/baldumarket.lt\/lt\/product\/szafka-rtv-diamond-rtv154-drzwiczki-wneki-dab-evoke-czarny\/","title":{"rendered":"Diamond RTV154 TV spintel\u0117, durel\u0117mis, ni\u0161omis, Evoke \u0105\u017euolas\/juoda"},"content":{"rendered":"<p>Modernus ir funkcionalus \u201eDiamond RTV154\u201c televizoriaus staliukas derina \u201eEvoke Oak\u201c spalvas su juoda apdaila. Priekin\u0117 dalis papuo\u0161ta i\u0161skirtiniu eglut\u0117s ra\u0161tu. Apatin\u0117 dalis turi 14 cm ilgio juodo metalo kojeles, suteikian\u010dias visam baldui elegancijos ir lengvumo. Televizoriaus staliukas turi dvi varstomas duris ir dvi pried\u0173 lentynas, kiekviena su anga maitinimo laidams. Komplektas pagamintas i\u0161 \u012fbr\u0117\u017eimams atsparios laminuotos plok\u0161t\u0117s ir pristatomas plok\u0161\u010diai supakuotas su lengvai suprantamomis surinkimo instrukcijomis.<\/p>","protected":false},"excerpt":{"rendered":"<p>Plotis: 154 cm<br \/>\nGylis: 39 cm<br \/>\nAuk\u0161tis: 50 cm<br \/>\nBald\u0173 spalva: \u201eEvoke\u201c \u0105\u017euolas \/ matin\u0117 juoda<br \/>\nKoja: juodas metalas<\/p>","protected":false},"featured_media":175511,"comment_status":"open","ping_status":"open","template":"","meta":[],"product_brand":[],"product_cat":[9548,4635,1175],"product_tag":[],"class_list":{"0":"post-175510","1":"product","2":"type-product","3":"status-publish","4":"has-post-thumbnail","6":"product_cat-furniture-system-diamond-piaski","7":"product_cat-piaski","8":"product_cat-tv-stands","10":"first","11":"instock","12":"purchasable","13":"product-type-simple"},"_links":{"self":[{"href":"https:\/\/baldumarket.lt\/lt\/wp-json\/wp\/v2\/product\/175510","targetHints":{"allow":["GET"]}}],"collection":[{"href":"https:\/\/baldumarket.lt\/lt\/wp-json\/wp\/v2\/product"}],"about":[{"href":"https:\/\/baldumarket.lt\/lt\/wp-json\/wp\/v2\/types\/product"}],"replies":[{"embeddable":true,"href":"https:\/\/baldumarket.lt\/lt\/wp-json\/wp\/v2\/comments?post=175510"}],"wp:featuredmedia":[{"embeddable":true,"href":"https:\/\/baldumarket.lt\/lt\/wp-json\/wp\/v2\/media\/175511"}],"wp:attachment":[{"href":"https:\/\/baldumarket.lt\/lt\/wp-json\/wp\/v2\/media?parent=175510"}],"wp:term":[{"taxonomy":"product_brand","embeddable":true,"href":"https:\/\/baldumarket.lt\/lt\/wp-json\/wp\/v2\/product_brand?post=175510"},{"taxonomy":"product_cat","embeddable":true,"href":"https:\/\/baldumarket.lt\/lt\/wp-json\/wp\/v2\/product_cat?post=175510"},{"taxonomy":"product_tag","embeddable":true,"href":"https:\/\/baldumarket.lt\/lt\/wp-json\/wp\/v2\/product_tag?post=175510"}],"curies":[{"name":"wp","href":"https:\/\/api.w.org\/{rel}","templated":true}]}}