{"id":175504,"date":"2025-12-20T12:58:13","date_gmt":"2025-12-20T09:58:13","guid":{"rendered":"https:\/\/baldumarket.lt\/product\/szafka-rtv-color-rtv144-drzwiczki-wneka-cashmire-dab-linea\/"},"modified":"2026-04-05T16:08:37","modified_gmt":"2026-04-05T13:08:37","slug":"szafka-rtv-color-rtv144-drzwiczki-wneka-cashmire-dab-linea","status":"publish","type":"product","link":"https:\/\/baldumarket.lt\/lt\/product\/szafka-rtv-color-rtv144-drzwiczki-wneka-cashmire-dab-linea\/","title":{"rendered":"COLOR RTV144 TV spintel\u0117, durys, \u012fduba, Cashmire\/Linea Oak"},"content":{"rendered":"<p>Moderni ir jausminga \u201eColor RTV144\u201c spintel\u0117 pasi\u017eymi ka\u0161myro medienos deriniu korpusui ir fasadams bei \u201eLinea Oak\u201c \u0105\u017euolo vir\u0161utinei ir vidinei daliai. Spintel\u0119 sudaro trys erdvios spintel\u0117s su varstomomis durel\u0117mis, o visas baldas stovi ant auk\u0161t\u0173 (20 cm) milteliniu b\u016bdu da\u017eyt\u0173 metalini\u0173 kojeli\u0173. Komplektas pagamintas i\u0161 laminuotos ABS plok\u0161t\u0117s, kuri yra atsparesn\u0117 \u012fbr\u0117\u017eimams ir auk\u0161tai temperat\u016brai. Spintel\u0119 reikia surinkti, ji pristatoma i\u0161ardyta.<\/p>","protected":false},"excerpt":{"rendered":"<p>Plotis: 144 cm<br \/>\nGylis: 37 cm<br \/>\nAuk\u0161tis: 55 cm<br \/>\nBald\u0173 spalva: Ka\u0161myro \/ Linejaus \u0105\u017euolo<\/p>","protected":false},"featured_media":175505,"comment_status":"open","ping_status":"open","template":"","meta":[],"product_brand":[],"product_cat":[9564,4635,1175],"product_tag":[],"class_list":{"0":"post-175504","1":"product","2":"type-product","3":"status-publish","4":"has-post-thumbnail","6":"product_cat-furniture-system-color-piaski","7":"product_cat-piaski","8":"product_cat-tv-stands","10":"first","11":"instock","12":"purchasable","13":"product-type-simple"},"_links":{"self":[{"href":"https:\/\/baldumarket.lt\/lt\/wp-json\/wp\/v2\/product\/175504","targetHints":{"allow":["GET"]}}],"collection":[{"href":"https:\/\/baldumarket.lt\/lt\/wp-json\/wp\/v2\/product"}],"about":[{"href":"https:\/\/baldumarket.lt\/lt\/wp-json\/wp\/v2\/types\/product"}],"replies":[{"embeddable":true,"href":"https:\/\/baldumarket.lt\/lt\/wp-json\/wp\/v2\/comments?post=175504"}],"wp:featuredmedia":[{"embeddable":true,"href":"https:\/\/baldumarket.lt\/lt\/wp-json\/wp\/v2\/media\/175505"}],"wp:attachment":[{"href":"https:\/\/baldumarket.lt\/lt\/wp-json\/wp\/v2\/media?parent=175504"}],"wp:term":[{"taxonomy":"product_brand","embeddable":true,"href":"https:\/\/baldumarket.lt\/lt\/wp-json\/wp\/v2\/product_brand?post=175504"},{"taxonomy":"product_cat","embeddable":true,"href":"https:\/\/baldumarket.lt\/lt\/wp-json\/wp\/v2\/product_cat?post=175504"},{"taxonomy":"product_tag","embeddable":true,"href":"https:\/\/baldumarket.lt\/lt\/wp-json\/wp\/v2\/product_tag?post=175504"}],"curies":[{"name":"wp","href":"https:\/\/api.w.org\/{rel}","templated":true}]}}