{"id":175498,"date":"2025-12-20T12:58:04","date_gmt":"2025-12-20T09:58:04","guid":{"rendered":"https:\/\/baldumarket.lt\/product\/szafka-rtv-color-rtv144-drzwiczki-ceramik-red-dab-linea\/"},"modified":"2026-04-05T16:08:37","modified_gmt":"2026-04-05T13:08:37","slug":"szafka-rtv-color-rtv144-drzwiczki-ceramik-red-dab-linea","status":"publish","type":"product","link":"https:\/\/baldumarket.lt\/lt\/product\/szafka-rtv-color-rtv144-drzwiczki-ceramik-red-dab-linea\/","title":{"rendered":"COLOR RTV144 TV spintel\u0117, durel\u0117mis, raudona keramika\/\u0105\u017euolas"},"content":{"rendered":"<p>Modernus \u201eColor 144\u201c televizoriaus spintel\u0117 pasi\u017eymi raudonos keramikos korpusui ir priekiui bei \u0105\u017euolo vir\u0161utinei ir vidinei daliai deriniu. Spintel\u0119 sudaro trys erdvios spintel\u0117s su varstomomis durel\u0117mis, o visas spintel\u0117 stovi ant auk\u0161t\u0173 (20 cm) metalini\u0173 kojeli\u0173, kurias lengva valyti po spintele naudojant valymo \u012frankius. Komplektas pagamintas i\u0161 \u012fbr\u0117\u017eimams ir kar\u0161\u010diui atsparios laminuotos ABS plok\u0161t\u0117s. Spintel\u0119 reikia surinkti, ji pristatoma plok\u0161\u010diai supakuota.<\/p>","protected":false},"excerpt":{"rendered":"<p>Plotis: 144 cm<br \/>\nGylis: 37 cm<br \/>\nAuk\u0161tis: 55 cm<br \/>\nBald\u0173 spalva: Keramikos raudona \/ Linea \u0105\u017euolas<\/p>","protected":false},"featured_media":175499,"comment_status":"open","ping_status":"open","template":"","meta":[],"product_brand":[],"product_cat":[9564,4635,1175],"product_tag":[],"class_list":{"0":"post-175498","1":"product","2":"type-product","3":"status-publish","4":"has-post-thumbnail","6":"product_cat-furniture-system-color-piaski","7":"product_cat-piaski","8":"product_cat-tv-stands","10":"first","11":"instock","12":"purchasable","13":"product-type-simple"},"_links":{"self":[{"href":"https:\/\/baldumarket.lt\/lt\/wp-json\/wp\/v2\/product\/175498","targetHints":{"allow":["GET"]}}],"collection":[{"href":"https:\/\/baldumarket.lt\/lt\/wp-json\/wp\/v2\/product"}],"about":[{"href":"https:\/\/baldumarket.lt\/lt\/wp-json\/wp\/v2\/types\/product"}],"replies":[{"embeddable":true,"href":"https:\/\/baldumarket.lt\/lt\/wp-json\/wp\/v2\/comments?post=175498"}],"wp:featuredmedia":[{"embeddable":true,"href":"https:\/\/baldumarket.lt\/lt\/wp-json\/wp\/v2\/media\/175499"}],"wp:attachment":[{"href":"https:\/\/baldumarket.lt\/lt\/wp-json\/wp\/v2\/media?parent=175498"}],"wp:term":[{"taxonomy":"product_brand","embeddable":true,"href":"https:\/\/baldumarket.lt\/lt\/wp-json\/wp\/v2\/product_brand?post=175498"},{"taxonomy":"product_cat","embeddable":true,"href":"https:\/\/baldumarket.lt\/lt\/wp-json\/wp\/v2\/product_cat?post=175498"},{"taxonomy":"product_tag","embeddable":true,"href":"https:\/\/baldumarket.lt\/lt\/wp-json\/wp\/v2\/product_tag?post=175498"}],"curies":[{"name":"wp","href":"https:\/\/api.w.org\/{rel}","templated":true}]}}