{"id":175490,"date":"2025-12-20T12:57:54","date_gmt":"2025-12-20T09:57:54","guid":{"rendered":"https:\/\/baldumarket.lt\/product\/szafka-rtv-boho-rtv144-trzydrzwiowa-dab-riviera-marmur-bianco\/"},"modified":"2026-04-05T16:08:37","modified_gmt":"2026-04-05T13:08:37","slug":"szafka-rtv-boho-rtv144-trzydrzwiowa-dab-riviera-marmur-bianco","status":"publish","type":"product","link":"https:\/\/baldumarket.lt\/lt\/product\/szafka-rtv-boho-rtv144-trzydrzwiowa-dab-riviera-marmur-bianco\/","title":{"rendered":"Boho RTV144 televizoriaus spintel\u0117, trij\u0173 dur\u0173, Riviera Oak\/Bianco marmuras"},"content":{"rendered":"<p>Modernus ir funkcionalus \u201eBoho RTV144\u201c televizoriaus staliukas pagamintas i\u0161 \u012fbr\u0117\u017eimams atsparios laminuotos plok\u0161t\u0117s su \u201eRiviera Oak\u201c \u0105\u017euolo atvaizdu. Jo stalvir\u0161is pasi\u017eymi bianco marmuro dizainu ir yra i\u0161skirtinai \u017eemesnis, palyginti su spintel\u0117s \u0161onais ir priekiu. Spintel\u0117 turi tris varstomas duris ir stovi ant auk\u0161t\u0173 (20 cm) medini\u0173 kojeli\u0173. Televizoriaus staliuk\u0105 reikia surinkti, o prie jo pridedamos ai\u0161kios instrukcijos.<\/p>","protected":false},"excerpt":{"rendered":"<p>Plotis: 144 cm<br \/>\nGylis: 37 cm<br \/>\nAuk\u0161tis: 48 cm<br \/>\nBald\u0173 spalva: Riviera Oak \/ Bianco marmuras<br \/>\nKoja: medin\u0117<\/p>","protected":false},"featured_media":175491,"comment_status":"open","ping_status":"open","template":"","meta":[],"product_brand":[],"product_cat":[9559,4635,1175],"product_tag":[],"class_list":{"0":"post-175490","1":"product","2":"type-product","3":"status-publish","4":"has-post-thumbnail","6":"product_cat-furniture-system-boho-piaski","7":"product_cat-piaski","8":"product_cat-tv-stands","10":"first","11":"instock","12":"purchasable","13":"product-type-simple"},"_links":{"self":[{"href":"https:\/\/baldumarket.lt\/lt\/wp-json\/wp\/v2\/product\/175490","targetHints":{"allow":["GET"]}}],"collection":[{"href":"https:\/\/baldumarket.lt\/lt\/wp-json\/wp\/v2\/product"}],"about":[{"href":"https:\/\/baldumarket.lt\/lt\/wp-json\/wp\/v2\/types\/product"}],"replies":[{"embeddable":true,"href":"https:\/\/baldumarket.lt\/lt\/wp-json\/wp\/v2\/comments?post=175490"}],"wp:featuredmedia":[{"embeddable":true,"href":"https:\/\/baldumarket.lt\/lt\/wp-json\/wp\/v2\/media\/175491"}],"wp:attachment":[{"href":"https:\/\/baldumarket.lt\/lt\/wp-json\/wp\/v2\/media?parent=175490"}],"wp:term":[{"taxonomy":"product_brand","embeddable":true,"href":"https:\/\/baldumarket.lt\/lt\/wp-json\/wp\/v2\/product_brand?post=175490"},{"taxonomy":"product_cat","embeddable":true,"href":"https:\/\/baldumarket.lt\/lt\/wp-json\/wp\/v2\/product_cat?post=175490"},{"taxonomy":"product_tag","embeddable":true,"href":"https:\/\/baldumarket.lt\/lt\/wp-json\/wp\/v2\/product_tag?post=175490"}],"curies":[{"name":"wp","href":"https:\/\/api.w.org\/{rel}","templated":true}]}}