{"id":175474,"date":"2025-12-20T12:57:35","date_gmt":"2025-12-20T09:57:35","guid":{"rendered":"https:\/\/baldumarket.lt\/product\/szafka-nocna-sento-s54-szuflada-wneka-oswietlenie-cashmiere\/"},"modified":"2026-04-05T02:50:05","modified_gmt":"2026-04-04T23:50:05","slug":"szafka-nocna-sento-s54-szuflada-wneka-oswietlenie-cashmiere","status":"publish","type":"product","link":"https:\/\/baldumarket.lt\/lt\/product\/szafka-nocna-sento-s54-szuflada-wneka-oswietlenie-cashmiere\/","title":{"rendered":"Sento S54 naktinis staliukas, stal\u010dius, ni\u0161a, ap\u0161vietimas, Cashmiere"},"content":{"rendered":"<p>Modernus \u201eSento S54 Cashmiere\u201c naktinis staliukas turi erdv\u0173 stal\u010di\u0173 su grioveliais dekoruotu MDF priekiu ir ni\u0161\u0105 su aplinkos ap\u0161vietimu i\u0161 LED. Spintel\u0117 pagaminta i\u0161 \u012fbr\u0117\u017eimams atsparios laminuotos bald\u0173 plok\u0161t\u0117s, tod\u0117l naktinio staliuko lempa nepa\u017eeis jos pavir\u0161iaus. Visas baldas stovi ant eleganti\u0161k\u0173, auk\u0161t\u0173 (20 cm) kojeli\u0173, kurios suteikia tvirt\u0105 pagrind\u0105 ir leid\u017eia lengvai valyti po komoda. Naktinis staliukas priklauso to paties pavadinimo bald\u0173 linijai ir pristatomas plok\u0161\u010diai supakuotas, kartu su instrukcijomis ir furnit\u016bra.<\/p>","protected":false},"excerpt":{"rendered":"<p>Plotis: 54 cm<br \/>\nGylis: 39 cm<br \/>\nAuk\u0161tis: 59 cm<br \/>\nAp\u0161vietimas: Su ap\u0161vietimu<br \/>\nBald\u0173 spalva: Ka\u0161myras<\/p>","protected":false},"featured_media":175475,"comment_status":"open","ping_status":"open","template":"","meta":[],"product_brand":[],"product_cat":[9557,1176,4635],"product_tag":[],"class_list":{"0":"post-175474","1":"product","2":"type-product","3":"status-publish","4":"has-post-thumbnail","6":"product_cat-furniture-system-sento-piaski","7":"product_cat-bedside-tables","8":"product_cat-piaski","10":"first","11":"instock","12":"purchasable","13":"product-type-simple"},"_links":{"self":[{"href":"https:\/\/baldumarket.lt\/lt\/wp-json\/wp\/v2\/product\/175474","targetHints":{"allow":["GET"]}}],"collection":[{"href":"https:\/\/baldumarket.lt\/lt\/wp-json\/wp\/v2\/product"}],"about":[{"href":"https:\/\/baldumarket.lt\/lt\/wp-json\/wp\/v2\/types\/product"}],"replies":[{"embeddable":true,"href":"https:\/\/baldumarket.lt\/lt\/wp-json\/wp\/v2\/comments?post=175474"}],"wp:featuredmedia":[{"embeddable":true,"href":"https:\/\/baldumarket.lt\/lt\/wp-json\/wp\/v2\/media\/175475"}],"wp:attachment":[{"href":"https:\/\/baldumarket.lt\/lt\/wp-json\/wp\/v2\/media?parent=175474"}],"wp:term":[{"taxonomy":"product_brand","embeddable":true,"href":"https:\/\/baldumarket.lt\/lt\/wp-json\/wp\/v2\/product_brand?post=175474"},{"taxonomy":"product_cat","embeddable":true,"href":"https:\/\/baldumarket.lt\/lt\/wp-json\/wp\/v2\/product_cat?post=175474"},{"taxonomy":"product_tag","embeddable":true,"href":"https:\/\/baldumarket.lt\/lt\/wp-json\/wp\/v2\/product_tag?post=175474"}],"curies":[{"name":"wp","href":"https:\/\/api.w.org\/{rel}","templated":true}]}}