{"id":175467,"date":"2025-12-20T12:57:27","date_gmt":"2025-12-20T09:57:27","guid":{"rendered":"https:\/\/baldumarket.lt\/product\/szafka-nocna-royal-s-54-szuflada-czarny-zloty\/"},"modified":"2026-04-05T15:16:29","modified_gmt":"2026-04-05T12:16:29","slug":"szafka-nocna-royal-s-54-szuflada-czarny-zloty","status":"publish","type":"product","link":"https:\/\/baldumarket.lt\/lt\/produktas\/szafka-nocna-royal-s-54-szuflada-czarny-zloty\/","title":{"rendered":"Royal S-54 naktinis staliukas, stal\u010dius, juodas\/auksinis"},"content":{"rendered":"<p>\u201eRoyal\u201c naktinis staliukas su erdviu stal\u010diumi i\u0161siskiria grioveliais i\u0161 itin patvarios MDF plok\u0161t\u0117s pagamintu priekiu. Stalo korpusas pagamintas i\u0161 laminuotos bald\u0173 plok\u0161t\u0117s, kuri pasi\u017eymi padidintu atsparumu \u012fbr\u0117\u017eimams. Visas baldas stovi ant stabilaus cokolio. Naktinis staliukas yra \u012fvairi\u0173 spalv\u0173 ir priklauso to paties pavadinimo bald\u0173 kolekcijai. Naktinis staliukas reikalauja surinkimo.<\/p>","protected":false},"excerpt":{"rendered":"<p>Plotis: 54 cm<br \/>\nGylis: 39 cm<br \/>\nAuk\u0161tis: 42 cm<br \/>\nBald\u0173 spalva: juoda\/auksin\u0117<br \/>\nStilius: Modernus<\/p>","protected":false},"featured_media":175468,"comment_status":"open","ping_status":"open","template":"","meta":[],"product_brand":[],"product_cat":[9563,1176,4635],"product_tag":[],"class_list":{"0":"post-175467","1":"product","2":"type-product","3":"status-publish","4":"has-post-thumbnail","6":"product_cat-furniture-system-royal-piaski","7":"product_cat-bedside-tables","8":"product_cat-piaski","10":"first","11":"instock","12":"purchasable","13":"product-type-simple"},"_links":{"self":[{"href":"https:\/\/baldumarket.lt\/lt\/wp-json\/wp\/v2\/product\/175467","targetHints":{"allow":["GET"]}}],"collection":[{"href":"https:\/\/baldumarket.lt\/lt\/wp-json\/wp\/v2\/product"}],"about":[{"href":"https:\/\/baldumarket.lt\/lt\/wp-json\/wp\/v2\/types\/product"}],"replies":[{"embeddable":true,"href":"https:\/\/baldumarket.lt\/lt\/wp-json\/wp\/v2\/comments?post=175467"}],"wp:featuredmedia":[{"embeddable":true,"href":"https:\/\/baldumarket.lt\/lt\/wp-json\/wp\/v2\/media\/175468"}],"wp:attachment":[{"href":"https:\/\/baldumarket.lt\/lt\/wp-json\/wp\/v2\/media?parent=175467"}],"wp:term":[{"taxonomy":"product_brand","embeddable":true,"href":"https:\/\/baldumarket.lt\/lt\/wp-json\/wp\/v2\/product_brand?post=175467"},{"taxonomy":"product_cat","embeddable":true,"href":"https:\/\/baldumarket.lt\/lt\/wp-json\/wp\/v2\/product_cat?post=175467"},{"taxonomy":"product_tag","embeddable":true,"href":"https:\/\/baldumarket.lt\/lt\/wp-json\/wp\/v2\/product_tag?post=175467"}],"curies":[{"name":"wp","href":"https:\/\/api.w.org\/{rel}","templated":true}]}}