{"id":175453,"date":"2025-12-20T12:57:11","date_gmt":"2025-12-20T09:57:11","guid":{"rendered":"https:\/\/baldumarket.lt\/product\/szafka-nocna-royal-s-54-szuflada-bez-piaskowy-zloty\/"},"modified":"2026-04-05T15:16:29","modified_gmt":"2026-04-05T12:16:29","slug":"szafka-nocna-royal-s-54-szuflada-bez-piaskowy-zloty","status":"publish","type":"product","link":"https:\/\/baldumarket.lt\/lt\/produktas\/szafka-nocna-royal-s-54-szuflada-bez-piaskowy-zloty\/","title":{"rendered":"Royal S-54 naktinis staliukas su stal\u010diumi, sm\u0117lio spalvos\/aukso spalvos"},"content":{"rendered":"<p>\u201eRoyal S-54\u201c naktinis staliukas su prakti\u0161ku stal\u010diumi pasi\u017eymi grioveliais i\u0161 itin patvarios MDF plok\u0161t\u0117s pagaminta priekine dalimi. Stalo korpusas pagamintas i\u0161 laminuotos bald\u0173 plok\u0161t\u0117s, kuri yra atsparesn\u0117 \u012fbr\u0117\u017eimams. Visas baldas stovi ant stabilaus cokolio. Naktinis staliukas yra \u012fvairi\u0173 spalv\u0173 ir priklauso to paties pavadinimo bald\u0173 kolekcijai. Sm\u0117lio spalvos \u201eRoyal\u201c naktin\u012f staliuk\u0105 reikia surinkti.<\/p>","protected":false},"excerpt":{"rendered":"<p>Plotis: 54 cm<br \/>\nGylis: 39 cm<br \/>\nAuk\u0161tis: 42 cm<br \/>\nBald\u0173 spalva: sm\u0117lio\/auksin\u0117<br \/>\nStilius: Modernus<\/p>","protected":false},"featured_media":175454,"comment_status":"open","ping_status":"open","template":"","meta":[],"product_brand":[],"product_cat":[9563,1176,4635],"product_tag":[],"class_list":{"0":"post-175453","1":"product","2":"type-product","3":"status-publish","4":"has-post-thumbnail","6":"product_cat-furniture-system-royal-piaski","7":"product_cat-bedside-tables","8":"product_cat-piaski","10":"first","11":"instock","12":"purchasable","13":"product-type-simple"},"_links":{"self":[{"href":"https:\/\/baldumarket.lt\/lt\/wp-json\/wp\/v2\/product\/175453","targetHints":{"allow":["GET"]}}],"collection":[{"href":"https:\/\/baldumarket.lt\/lt\/wp-json\/wp\/v2\/product"}],"about":[{"href":"https:\/\/baldumarket.lt\/lt\/wp-json\/wp\/v2\/types\/product"}],"replies":[{"embeddable":true,"href":"https:\/\/baldumarket.lt\/lt\/wp-json\/wp\/v2\/comments?post=175453"}],"wp:featuredmedia":[{"embeddable":true,"href":"https:\/\/baldumarket.lt\/lt\/wp-json\/wp\/v2\/media\/175454"}],"wp:attachment":[{"href":"https:\/\/baldumarket.lt\/lt\/wp-json\/wp\/v2\/media?parent=175453"}],"wp:term":[{"taxonomy":"product_brand","embeddable":true,"href":"https:\/\/baldumarket.lt\/lt\/wp-json\/wp\/v2\/product_brand?post=175453"},{"taxonomy":"product_cat","embeddable":true,"href":"https:\/\/baldumarket.lt\/lt\/wp-json\/wp\/v2\/product_cat?post=175453"},{"taxonomy":"product_tag","embeddable":true,"href":"https:\/\/baldumarket.lt\/lt\/wp-json\/wp\/v2\/product_tag?post=175453"}],"curies":[{"name":"wp","href":"https:\/\/api.w.org\/{rel}","templated":true}]}}