{"id":175421,"date":"2025-12-20T12:56:33","date_gmt":"2025-12-20T09:56:33","guid":{"rendered":"https:\/\/baldumarket.lt\/product\/szafka-nocna-nova-s54-szuflada-wneka-czarna-czarna-rama\/"},"modified":"2026-04-05T15:33:53","modified_gmt":"2026-04-05T12:33:53","slug":"szafka-nocna-nova-s54-szuflada-wneka-czarna-czarna-rama","status":"publish","type":"product","link":"https:\/\/baldumarket.lt\/lt\/produktas\/szafka-nocna-nova-s54-szuflada-wneka-czarna-czarna-rama\/","title":{"rendered":"Nova S54 naktinis staliukas su stal\u010diumi, \u012fduba, juodas\/juodas r\u0117mas"},"content":{"rendered":"<p>Modernus ir unikalus \u201eNova S54\u201c naktinis staliukas pasi\u017eymi erdviu stal\u010diumi ir prakti\u0161ka ni\u0161a. Korpusas pagamintas i\u0161 juodos baldin\u0117s plok\u0161t\u0117s, o priekis \u2013 i\u0161 grioveli\u0173 juodos MDF plok\u0161t\u0117s, papuo\u0161tos eleganti\u0161ka auksine rankena. Visas staliukas stovi ant auk\u0161t\u0173 (20 cm) auksini\u0173 kojeli\u0173, sujungt\u0173 su tvirtu ir stabiliu pagrindu. Naktinis staliukas pagamintas i\u0161 laminuotos baldin\u0117s plok\u0161t\u0117s, kuri yra labai atspari \u012fbr\u0117\u017eimams ir lengvai valoma. Spintel\u0117 pristatoma plok\u0161\u010dia, su ai\u0161kiomis surinkimo instrukcijomis. Taip pat galima \u012fsigyti auksin\u012f r\u0117m\u0105 ir kojeles.<\/p>","protected":false},"excerpt":{"rendered":"<p>Plotis: 54 cm<br \/>\nGylis: 39 cm<br \/>\nAuk\u0161tis: 56 cm<br \/>\nBald\u0173 spalva: juoda<br \/>\nKoja: juoda<\/p>","protected":false},"featured_media":175422,"comment_status":"open","ping_status":"open","template":"","meta":[],"product_brand":[],"product_cat":[9567,1176,4635],"product_tag":[],"class_list":{"0":"post-175421","1":"product","2":"type-product","3":"status-publish","4":"has-post-thumbnail","6":"product_cat-furniture-system-nova-piaski","7":"product_cat-bedside-tables","8":"product_cat-piaski","10":"first","11":"instock","12":"purchasable","13":"product-type-simple"},"_links":{"self":[{"href":"https:\/\/baldumarket.lt\/lt\/wp-json\/wp\/v2\/product\/175421","targetHints":{"allow":["GET"]}}],"collection":[{"href":"https:\/\/baldumarket.lt\/lt\/wp-json\/wp\/v2\/product"}],"about":[{"href":"https:\/\/baldumarket.lt\/lt\/wp-json\/wp\/v2\/types\/product"}],"replies":[{"embeddable":true,"href":"https:\/\/baldumarket.lt\/lt\/wp-json\/wp\/v2\/comments?post=175421"}],"wp:featuredmedia":[{"embeddable":true,"href":"https:\/\/baldumarket.lt\/lt\/wp-json\/wp\/v2\/media\/175422"}],"wp:attachment":[{"href":"https:\/\/baldumarket.lt\/lt\/wp-json\/wp\/v2\/media?parent=175421"}],"wp:term":[{"taxonomy":"product_brand","embeddable":true,"href":"https:\/\/baldumarket.lt\/lt\/wp-json\/wp\/v2\/product_brand?post=175421"},{"taxonomy":"product_cat","embeddable":true,"href":"https:\/\/baldumarket.lt\/lt\/wp-json\/wp\/v2\/product_cat?post=175421"},{"taxonomy":"product_tag","embeddable":true,"href":"https:\/\/baldumarket.lt\/lt\/wp-json\/wp\/v2\/product_tag?post=175421"}],"curies":[{"name":"wp","href":"https:\/\/api.w.org\/{rel}","templated":true}]}}