{"id":175373,"date":"2025-12-20T12:55:33","date_gmt":"2025-12-20T09:55:33","guid":{"rendered":"https:\/\/baldumarket.lt\/product\/szafka-nocna-mono-ms54-szuflada-wneka-bez-piaskowy-czarna-rama\/"},"modified":"2026-04-05T15:33:44","modified_gmt":"2026-04-05T12:33:44","slug":"szafka-nocna-mono-ms54-szuflada-wneka-bez-piaskowy-czarna-rama","status":"publish","type":"product","link":"https:\/\/baldumarket.lt\/lt\/product\/szafka-nocna-mono-ms54-szuflada-wneka-bez-piaskowy-czarna-rama\/","title":{"rendered":"Mono MS54 naktinis staliukas, stal\u010dius, ni\u0161a, sm\u0117lio spalvos\/juodas r\u0117mas"},"content":{"rendered":"<p>Patrauklus ir modernus \u201eMono MS54\u201c naktinis staliukas turi erdv\u0173 stal\u010di\u0173 ir prakti\u0161k\u0105 ni\u0161\u0105. Korpusas yra sm\u0117lio spalvos. Visas staliukas stovi ant auk\u0161t\u0173 (18 cm) juod\u0173 kojeli\u0173, sujungt\u0173 su tvirtu pagrindu. Naktinis staliukas pagamintas i\u0161 laminuotos bald\u0173 plok\u0161t\u0117s, kuri yra atspari \u012fbr\u0117\u017eimams ir lengvai valoma. Spintel\u0117 pristatoma i\u0161ardyta su ai\u0161kiomis surinkimo instrukcijomis. Galima \u012fsigyti ir auksin\u012f r\u0117m\u0105.<\/p>","protected":false},"excerpt":{"rendered":"<p>Plotis: 54 cm<br \/>\nGylis: 39 cm<br \/>\nAuk\u0161tis: 56 cm<br \/>\nBald\u0173 spalva: sm\u0117lio\/juoda<br \/>\nKoja: juoda<\/p>","protected":false},"featured_media":175374,"comment_status":"open","ping_status":"open","template":"","meta":[],"product_brand":[],"product_cat":[9566,1176,4635],"product_tag":[],"class_list":{"0":"post-175373","1":"product","2":"type-product","3":"status-publish","4":"has-post-thumbnail","6":"product_cat-furniture-system-mono-piaski","7":"product_cat-bedside-tables","8":"product_cat-piaski","10":"first","11":"instock","12":"purchasable","13":"product-type-simple"},"_links":{"self":[{"href":"https:\/\/baldumarket.lt\/lt\/wp-json\/wp\/v2\/product\/175373","targetHints":{"allow":["GET"]}}],"collection":[{"href":"https:\/\/baldumarket.lt\/lt\/wp-json\/wp\/v2\/product"}],"about":[{"href":"https:\/\/baldumarket.lt\/lt\/wp-json\/wp\/v2\/types\/product"}],"replies":[{"embeddable":true,"href":"https:\/\/baldumarket.lt\/lt\/wp-json\/wp\/v2\/comments?post=175373"}],"wp:featuredmedia":[{"embeddable":true,"href":"https:\/\/baldumarket.lt\/lt\/wp-json\/wp\/v2\/media\/175374"}],"wp:attachment":[{"href":"https:\/\/baldumarket.lt\/lt\/wp-json\/wp\/v2\/media?parent=175373"}],"wp:term":[{"taxonomy":"product_brand","embeddable":true,"href":"https:\/\/baldumarket.lt\/lt\/wp-json\/wp\/v2\/product_brand?post=175373"},{"taxonomy":"product_cat","embeddable":true,"href":"https:\/\/baldumarket.lt\/lt\/wp-json\/wp\/v2\/product_cat?post=175373"},{"taxonomy":"product_tag","embeddable":true,"href":"https:\/\/baldumarket.lt\/lt\/wp-json\/wp\/v2\/product_tag?post=175373"}],"curies":[{"name":"wp","href":"https:\/\/api.w.org\/{rel}","templated":true}]}}