{"id":175357,"date":"2025-12-20T12:55:13","date_gmt":"2025-12-20T09:55:13","guid":{"rendered":"https:\/\/baldumarket.lt\/product\/szafka-nocna-japandi-s-54-jednodrzwiowa-cashmere-czarny\/"},"modified":"2026-04-05T16:08:37","modified_gmt":"2026-04-05T13:08:37","slug":"szafka-nocna-japandi-s-54-jednodrzwiowa-cashmere-czarny","status":"publish","type":"product","link":"https:\/\/baldumarket.lt\/lt\/product\/szafka-nocna-japandi-s-54-jednodrzwiowa-cashmere-czarny\/","title":{"rendered":"Japandi S-54 naktinis staliukas, vienv\u0117r\u0117s durys, ka\u0161myro\/juodos spalvos"},"content":{"rendered":"<p>\u201eJapandi S-54 Cashmere\u201c naktinis staliukas turi vienerias varstomas duris, juodas medines kojeles ir frezuotus priekius. Spintel\u0117 pristatoma i\u0161ardyta su ai\u0161kiomis surinkimo instrukcijomis.<\/p>","protected":false},"excerpt":{"rendered":"<p>Plotis: 54 cm<br \/>\nGylis: 39 cm<br \/>\nAuk\u0161tis: 56 cm<br \/>\nBald\u0173 spalva: Ka\u0161myras<br \/>\nStilius: Modernus<\/p>","protected":false},"featured_media":175358,"comment_status":"open","ping_status":"open","template":"","meta":[],"product_brand":[],"product_cat":[9562,1176,4635],"product_tag":[],"class_list":{"0":"post-175357","1":"product","2":"type-product","3":"status-publish","4":"has-post-thumbnail","6":"product_cat-furniture-system-japandi-piaski","7":"product_cat-bedside-tables","8":"product_cat-piaski","10":"first","11":"instock","12":"purchasable","13":"product-type-simple"},"_links":{"self":[{"href":"https:\/\/baldumarket.lt\/lt\/wp-json\/wp\/v2\/product\/175357","targetHints":{"allow":["GET"]}}],"collection":[{"href":"https:\/\/baldumarket.lt\/lt\/wp-json\/wp\/v2\/product"}],"about":[{"href":"https:\/\/baldumarket.lt\/lt\/wp-json\/wp\/v2\/types\/product"}],"replies":[{"embeddable":true,"href":"https:\/\/baldumarket.lt\/lt\/wp-json\/wp\/v2\/comments?post=175357"}],"wp:featuredmedia":[{"embeddable":true,"href":"https:\/\/baldumarket.lt\/lt\/wp-json\/wp\/v2\/media\/175358"}],"wp:attachment":[{"href":"https:\/\/baldumarket.lt\/lt\/wp-json\/wp\/v2\/media?parent=175357"}],"wp:term":[{"taxonomy":"product_brand","embeddable":true,"href":"https:\/\/baldumarket.lt\/lt\/wp-json\/wp\/v2\/product_brand?post=175357"},{"taxonomy":"product_cat","embeddable":true,"href":"https:\/\/baldumarket.lt\/lt\/wp-json\/wp\/v2\/product_cat?post=175357"},{"taxonomy":"product_tag","embeddable":true,"href":"https:\/\/baldumarket.lt\/lt\/wp-json\/wp\/v2\/product_tag?post=175357"}],"curies":[{"name":"wp","href":"https:\/\/api.w.org\/{rel}","templated":true}]}}