{"id":175349,"date":"2025-12-20T12:55:03","date_gmt":"2025-12-20T09:55:03","guid":{"rendered":"https:\/\/baldumarket.lt\/product\/szafka-nocna-forest-s54-szuflada-wneka-eukaliptus-jodelka-skandi\/"},"modified":"2026-04-05T16:08:37","modified_gmt":"2026-04-05T13:08:37","slug":"szafka-nocna-forest-s54-szuflada-wneka-eukaliptus-jodelka-skandi","status":"publish","type":"product","link":"https:\/\/baldumarket.lt\/lt\/product\/szafka-nocna-forest-s54-szuflada-wneka-eukaliptus-jodelka-skandi\/","title":{"rendered":"Forest S54 naktinis staliukas, stal\u010dius, ni\u0161a, eukalipto\/eglut\u0117s ra\u0161tas, skandinavi\u0161kas"},"content":{"rendered":"<p>\u201eForest S54\u201c naktinis staliukas turi erdv\u0173 stal\u010di\u0173 ir prakti\u0161k\u0105 ni\u0161\u0105. Priekin\u0117 dalis papuo\u0161ta nat\u016bralistiniu skandinavi\u0161ku eglut\u0117s ra\u0161tu, o korpusas \u2013 eukalipto spalvos. Visas staliukas stovi ant auk\u0161t\u0173, liekn\u0173 kojeli\u0173. Naktinis staliukas pagamintas i\u0161 laminuotos bald\u0173 plok\u0161t\u0117s, kuri yra atspari \u012fbr\u0117\u017eimams ir lengvai valoma. Spintel\u0117 pristatoma i\u0161ardyta su ai\u0161kiomis surinkimo instrukcijomis.<\/p>","protected":false},"excerpt":{"rendered":"<p>Plotis: 54 cm<br \/>\nGylis: 38 cm<br \/>\nAuk\u0161tis: 54 cm<br \/>\nBald\u0173 spalva: eukalipto \/ skandinavi\u0161ko silk\u0117s kaulo spalvos<br \/>\nKoja: eukaliptas<\/p>","protected":false},"featured_media":175350,"comment_status":"open","ping_status":"open","template":"","meta":[],"product_brand":[],"product_cat":[9560,1176,4635],"product_tag":[],"class_list":{"0":"post-175349","1":"product","2":"type-product","3":"status-publish","4":"has-post-thumbnail","6":"product_cat-furniture-system-forest-piaski","7":"product_cat-bedside-tables","8":"product_cat-piaski","10":"first","11":"instock","12":"purchasable","13":"product-type-simple"},"_links":{"self":[{"href":"https:\/\/baldumarket.lt\/lt\/wp-json\/wp\/v2\/product\/175349","targetHints":{"allow":["GET"]}}],"collection":[{"href":"https:\/\/baldumarket.lt\/lt\/wp-json\/wp\/v2\/product"}],"about":[{"href":"https:\/\/baldumarket.lt\/lt\/wp-json\/wp\/v2\/types\/product"}],"replies":[{"embeddable":true,"href":"https:\/\/baldumarket.lt\/lt\/wp-json\/wp\/v2\/comments?post=175349"}],"wp:featuredmedia":[{"embeddable":true,"href":"https:\/\/baldumarket.lt\/lt\/wp-json\/wp\/v2\/media\/175350"}],"wp:attachment":[{"href":"https:\/\/baldumarket.lt\/lt\/wp-json\/wp\/v2\/media?parent=175349"}],"wp:term":[{"taxonomy":"product_brand","embeddable":true,"href":"https:\/\/baldumarket.lt\/lt\/wp-json\/wp\/v2\/product_brand?post=175349"},{"taxonomy":"product_cat","embeddable":true,"href":"https:\/\/baldumarket.lt\/lt\/wp-json\/wp\/v2\/product_cat?post=175349"},{"taxonomy":"product_tag","embeddable":true,"href":"https:\/\/baldumarket.lt\/lt\/wp-json\/wp\/v2\/product_tag?post=175349"}],"curies":[{"name":"wp","href":"https:\/\/api.w.org\/{rel}","templated":true}]}}