{"id":175333,"date":"2025-12-20T12:54:43","date_gmt":"2025-12-20T09:54:43","guid":{"rendered":"https:\/\/baldumarket.lt\/product\/szafka-nocna-boho-s50-jednodrzwiowa\/"},"modified":"2026-04-05T16:08:27","modified_gmt":"2026-04-05T13:08:27","slug":"szafka-nocna-boho-s50-jednodrzwiowa","status":"publish","type":"product","link":"https:\/\/baldumarket.lt\/lt\/product\/szafka-nocna-boho-s50-jednodrzwiowa\/","title":{"rendered":"Boho S50 naktinis staliukas, vienv\u0117r\u0117s durys"},"content":{"rendered":"<p>\u201eBoho S50\u201c naktinis staliukas turi vienerias varstomas dureles ir nuleist\u0105 stalvir\u0161\u012f, tod\u0117l ant jo lengva pad\u0117ti knyg\u0105 ar naktin\u0119 lemp\u0105. Naktinis staliukas pagamintas i\u0161 laminuotos bald\u0173 plok\u0161t\u0117s, kuri yra atsparesn\u0117 \u012fbr\u0117\u017eimams ir lengvai valoma. Spintel\u0117 pristatoma i\u0161ardyta su ai\u0161kiomis surinkimo instrukcijomis ir apdailinta kombinuota \u201eRiviera Oak\u201c ir \u201eBianco\u201c marmuro apdaila.<\/p>","protected":false},"excerpt":{"rendered":"<p>Plotis: 50 cm<br \/>\nGylis: 37 cm<br \/>\nAuk\u0161tis: 48 cm<br \/>\nBald\u0173 spalva: Riviera Oak \/ Bianco marmuras<br \/>\nStilius: Modernus<\/p>","protected":false},"featured_media":175334,"comment_status":"open","ping_status":"open","template":"","meta":[],"product_brand":[],"product_cat":[9559,1176,4635],"product_tag":[],"class_list":{"0":"post-175333","1":"product","2":"type-product","3":"status-publish","4":"has-post-thumbnail","6":"product_cat-furniture-system-boho-piaski","7":"product_cat-bedside-tables","8":"product_cat-piaski","10":"first","11":"instock","12":"purchasable","13":"product-type-simple"},"_links":{"self":[{"href":"https:\/\/baldumarket.lt\/lt\/wp-json\/wp\/v2\/product\/175333","targetHints":{"allow":["GET"]}}],"collection":[{"href":"https:\/\/baldumarket.lt\/lt\/wp-json\/wp\/v2\/product"}],"about":[{"href":"https:\/\/baldumarket.lt\/lt\/wp-json\/wp\/v2\/types\/product"}],"replies":[{"embeddable":true,"href":"https:\/\/baldumarket.lt\/lt\/wp-json\/wp\/v2\/comments?post=175333"}],"wp:featuredmedia":[{"embeddable":true,"href":"https:\/\/baldumarket.lt\/lt\/wp-json\/wp\/v2\/media\/175334"}],"wp:attachment":[{"href":"https:\/\/baldumarket.lt\/lt\/wp-json\/wp\/v2\/media?parent=175333"}],"wp:term":[{"taxonomy":"product_brand","embeddable":true,"href":"https:\/\/baldumarket.lt\/lt\/wp-json\/wp\/v2\/product_brand?post=175333"},{"taxonomy":"product_cat","embeddable":true,"href":"https:\/\/baldumarket.lt\/lt\/wp-json\/wp\/v2\/product_cat?post=175333"},{"taxonomy":"product_tag","embeddable":true,"href":"https:\/\/baldumarket.lt\/lt\/wp-json\/wp\/v2\/product_tag?post=175333"}],"curies":[{"name":"wp","href":"https:\/\/api.w.org\/{rel}","templated":true}]}}