{"id":175321,"date":"2025-12-20T12:54:28","date_gmt":"2025-12-20T09:54:28","guid":{"rendered":"https:\/\/baldumarket.lt\/product\/szafa-wiki-dwudrzwiowa-130-cm-przesuwna-polki-drazek-wieszakowy-grafit\/"},"modified":"2026-02-12T10:35:34","modified_gmt":"2026-02-12T07:35:34","slug":"szafa-wiki-dwudrzwiowa-130-cm-przesuwna-polki-drazek-wieszakowy-grafit","status":"publish","type":"product","link":"https:\/\/baldumarket.lt\/lt\/product\/szafa-wiki-dwudrzwiowa-130-cm-przesuwna-polki-drazek-wieszakowy-grafit\/","title":{"rendered":"Wiki spinta, dviej\u0173 dur\u0173, 130 cm, stumdomos, lentynos, pakaba, grafito spalvos"},"content":{"rendered":"<p>Moderni, erdvi \u201eWiki\u201c spinta puikiai papildys \u0161iuolaiki\u0161k\u0105 miegam\u0105j\u012f, svetain\u0119 ar prie\u0161kambar\u012f. Spintoje yra dvejos stumdomos durys per vis\u0105 ilg\u012f, o viduje yra lentynos drabu\u017eiams ir didel\u0117ms d\u0117\u017e\u0117ms, taip pat pakaba ilgiems ir trumpiems drabu\u017eiams. Spinta yra grafito spalvos ir pagaminta i\u0161 patvarios laminuotos bald\u0173 plok\u0161t\u0117s, kuri yra labai atspari \u012fbr\u0117\u017eimams ir lengvai valoma. Komplektas pristatomas supakuotas, kartu su instrukcijomis ir furnit\u016bra.<\/p>","protected":false},"excerpt":{"rendered":"<p>Plotis: 130 cm<br \/>\nGylis: 62 cm<br \/>\nAuk\u0161tis: 200 cm<br \/>\nBald\u0173 spalva: Grafito<br \/>\nKoja: Panelin\u0117<\/p>","protected":false},"featured_media":175322,"comment_status":"open","ping_status":"open","template":"","meta":[],"product_brand":[],"product_cat":[9551,4635,1177],"product_tag":[],"class_list":{"0":"post-175321","1":"product","2":"type-product","3":"status-publish","4":"has-post-thumbnail","6":"product_cat-wardrobes-wiki-piaski","7":"product_cat-piaski","8":"product_cat-wardrobes","10":"first","11":"instock","12":"purchasable","13":"product-type-simple"},"_links":{"self":[{"href":"https:\/\/baldumarket.lt\/lt\/wp-json\/wp\/v2\/product\/175321","targetHints":{"allow":["GET"]}}],"collection":[{"href":"https:\/\/baldumarket.lt\/lt\/wp-json\/wp\/v2\/product"}],"about":[{"href":"https:\/\/baldumarket.lt\/lt\/wp-json\/wp\/v2\/types\/product"}],"replies":[{"embeddable":true,"href":"https:\/\/baldumarket.lt\/lt\/wp-json\/wp\/v2\/comments?post=175321"}],"wp:featuredmedia":[{"embeddable":true,"href":"https:\/\/baldumarket.lt\/lt\/wp-json\/wp\/v2\/media\/175322"}],"wp:attachment":[{"href":"https:\/\/baldumarket.lt\/lt\/wp-json\/wp\/v2\/media?parent=175321"}],"wp:term":[{"taxonomy":"product_brand","embeddable":true,"href":"https:\/\/baldumarket.lt\/lt\/wp-json\/wp\/v2\/product_brand?post=175321"},{"taxonomy":"product_cat","embeddable":true,"href":"https:\/\/baldumarket.lt\/lt\/wp-json\/wp\/v2\/product_cat?post=175321"},{"taxonomy":"product_tag","embeddable":true,"href":"https:\/\/baldumarket.lt\/lt\/wp-json\/wp\/v2\/product_tag?post=175321"}],"curies":[{"name":"wp","href":"https:\/\/api.w.org\/{rel}","templated":true}]}}