{"id":175317,"date":"2025-12-20T12:54:23","date_gmt":"2025-12-20T09:54:23","guid":{"rendered":"https:\/\/baldumarket.lt\/product\/szafa-wiki-dwudrzwiowa-130-cm-przesuwna-polki-drazek-wieszakowy-biala\/"},"modified":"2026-02-12T10:35:34","modified_gmt":"2026-02-12T07:35:34","slug":"szafa-wiki-dwudrzwiowa-130-cm-przesuwna-polki-drazek-wieszakowy-biala","status":"publish","type":"product","link":"https:\/\/baldumarket.lt\/lt\/product\/szafa-wiki-dwudrzwiowa-130-cm-przesuwna-polki-drazek-wieszakowy-biala\/","title":{"rendered":"Wiki spinta, dvidur\u0117, 130 cm, stumdoma, lentynos, pakabinimo karnizas, balta"},"content":{"rendered":"<p>Erdvi \u201eWiki\u201c spinta puikiai papildys \u0161iuolaiki\u0161kus miegamuosius, svetaines ir koridorius. Ji turi dvejas per vis\u0105 ilg\u012f stumdomas duris, o viduje yra lentynos drabu\u017eiams ir didel\u0117ms d\u0117\u017e\u0117ms, taip pat pakaba ilgiems ir trumpiems drabu\u017eiams. Spinta yra balta ir pagaminta i\u0161 patvarios laminuotos bald\u0173 plok\u0161t\u0117s, kuri yra labai atspari \u012fbr\u0117\u017eimams ir lengvai valoma. Komplektas pristatomas supakuotas, kartu su lengvai suprantamomis surinkimo instrukcijomis ir tvirtinimo detal\u0117mis.<\/p>","protected":false},"excerpt":{"rendered":"<p>Plotis: 130 cm<br \/>\nGylis: 62 cm<br \/>\nAuk\u0161tis: 200 cm<br \/>\nKoja: Panelin\u0117<br \/>\nStilius: Modernus<\/p>","protected":false},"featured_media":175318,"comment_status":"open","ping_status":"open","template":"","meta":[],"product_brand":[],"product_cat":[9551,4635,1177],"product_tag":[],"class_list":{"0":"post-175317","1":"product","2":"type-product","3":"status-publish","4":"has-post-thumbnail","6":"product_cat-wardrobes-wiki-piaski","7":"product_cat-piaski","8":"product_cat-wardrobes","10":"first","11":"instock","12":"purchasable","13":"product-type-simple"},"_links":{"self":[{"href":"https:\/\/baldumarket.lt\/lt\/wp-json\/wp\/v2\/product\/175317","targetHints":{"allow":["GET"]}}],"collection":[{"href":"https:\/\/baldumarket.lt\/lt\/wp-json\/wp\/v2\/product"}],"about":[{"href":"https:\/\/baldumarket.lt\/lt\/wp-json\/wp\/v2\/types\/product"}],"replies":[{"embeddable":true,"href":"https:\/\/baldumarket.lt\/lt\/wp-json\/wp\/v2\/comments?post=175317"}],"wp:featuredmedia":[{"embeddable":true,"href":"https:\/\/baldumarket.lt\/lt\/wp-json\/wp\/v2\/media\/175318"}],"wp:attachment":[{"href":"https:\/\/baldumarket.lt\/lt\/wp-json\/wp\/v2\/media?parent=175317"}],"wp:term":[{"taxonomy":"product_brand","embeddable":true,"href":"https:\/\/baldumarket.lt\/lt\/wp-json\/wp\/v2\/product_brand?post=175317"},{"taxonomy":"product_cat","embeddable":true,"href":"https:\/\/baldumarket.lt\/lt\/wp-json\/wp\/v2\/product_cat?post=175317"},{"taxonomy":"product_tag","embeddable":true,"href":"https:\/\/baldumarket.lt\/lt\/wp-json\/wp\/v2\/product_tag?post=175317"}],"curies":[{"name":"wp","href":"https:\/\/api.w.org\/{rel}","templated":true}]}}