{"id":175313,"date":"2025-12-20T12:54:18","date_gmt":"2025-12-20T09:54:18","guid":{"rendered":"https:\/\/baldumarket.lt\/product\/szafa-wiki-9-dwudrzwiowa-200-cm-przesuwna-polki-drazek-wieszakowy-lustra-grafitowa\/"},"modified":"2026-02-12T10:35:25","modified_gmt":"2026-02-12T07:35:25","slug":"szafa-wiki-9-dwudrzwiowa-200-cm-przesuwna-polki-drazek-wieszakowy-lustra-grafitowa","status":"publish","type":"product","link":"https:\/\/baldumarket.lt\/lt\/product\/szafa-wiki-9-dwudrzwiowa-200-cm-przesuwna-polki-drazek-wieszakowy-lustra-grafitowa\/","title":{"rendered":"Wiki 9 spinta, dviej\u0173 dur\u0173, 200 cm, stumdomos, lentynos, pakaba, veidrod\u017eiai, grafito spalvos"},"content":{"rendered":"<p>Grafito spalvos \u2019Wiki 9\u201c spinta, kurios auk\u0161tis \u2013 214 cm, o plotis \u2013 180 cm, puikiai tiks beveik bet kokiam interjero stiliui: \u0161iuolaiki\u0161kiems miegamiesiems, svetain\u0117ms, svetain\u0117ms, koridoriams ir net paaugli\u0173 kambariams. D\u0117l stumdom\u0173 dur\u0173 jai reikia minimalios vietos montavimui, be to, j\u0105 saugu ir patogu naudoti. Spinta turi du veidrod\u017eius, esan\u010dius vidin\u0117je dur\u0173 briaunoje. Be akivaizd\u017eios funkcijos, veidrod\u017eiai vizualiai padidina kambario, kuriame yra spinta, erdv\u0119. Viduje \u012frengtos erdvios lentynos drabu\u017eiams ir didel\u0117ms d\u0117\u017e\u0117ms, taip pat pakaba ilgiems ir trumpiems drabu\u017eiams. Spinta pagaminta i\u0161 laminuotos bald\u0173 plok\u0161t\u0117s su matiniu grafito pavir\u0161iumi, pasi\u017eymin\u010diu padidintu atsparumu \u012fbr\u0117\u017eimams. Baldai pristatomi i\u0161ardyti su ai\u0161kiomis instrukcijomis ir komplekte esan\u010diomis furnit\u016bra. Taip pat galimos baltos ir Sonoma \u0105\u017euolo spalvos versijos.<\/p>","protected":false},"excerpt":{"rendered":"<p>Plotis: 200 cm<br \/>\nGylis: 62 cm<br \/>\n\u016agis: 214 cm<br \/>\nBald\u0173 spalva: Grafito<br \/>\nKoja: Panelin\u0117<\/p>","protected":false},"featured_media":175314,"comment_status":"open","ping_status":"open","template":"","meta":[],"product_brand":[],"product_cat":[9551,4635,1177],"product_tag":[],"class_list":{"0":"post-175313","1":"product","2":"type-product","3":"status-publish","4":"has-post-thumbnail","6":"product_cat-wardrobes-wiki-piaski","7":"product_cat-piaski","8":"product_cat-wardrobes","10":"first","11":"instock","12":"purchasable","13":"product-type-simple"},"_links":{"self":[{"href":"https:\/\/baldumarket.lt\/lt\/wp-json\/wp\/v2\/product\/175313","targetHints":{"allow":["GET"]}}],"collection":[{"href":"https:\/\/baldumarket.lt\/lt\/wp-json\/wp\/v2\/product"}],"about":[{"href":"https:\/\/baldumarket.lt\/lt\/wp-json\/wp\/v2\/types\/product"}],"replies":[{"embeddable":true,"href":"https:\/\/baldumarket.lt\/lt\/wp-json\/wp\/v2\/comments?post=175313"}],"wp:featuredmedia":[{"embeddable":true,"href":"https:\/\/baldumarket.lt\/lt\/wp-json\/wp\/v2\/media\/175314"}],"wp:attachment":[{"href":"https:\/\/baldumarket.lt\/lt\/wp-json\/wp\/v2\/media?parent=175313"}],"wp:term":[{"taxonomy":"product_brand","embeddable":true,"href":"https:\/\/baldumarket.lt\/lt\/wp-json\/wp\/v2\/product_brand?post=175313"},{"taxonomy":"product_cat","embeddable":true,"href":"https:\/\/baldumarket.lt\/lt\/wp-json\/wp\/v2\/product_cat?post=175313"},{"taxonomy":"product_tag","embeddable":true,"href":"https:\/\/baldumarket.lt\/lt\/wp-json\/wp\/v2\/product_tag?post=175313"}],"curies":[{"name":"wp","href":"https:\/\/api.w.org\/{rel}","templated":true}]}}