{"id":175304,"date":"2025-12-20T12:54:05","date_gmt":"2025-12-20T09:54:05","guid":{"rendered":"https:\/\/baldumarket.lt\/product\/szafa-wiki-9-dwudrzwiowa-180-cm-przesuwna-polki-drazek-wieszakowy-lustra-grafitowa\/"},"modified":"2026-02-12T10:35:25","modified_gmt":"2026-02-12T07:35:25","slug":"szafa-wiki-9-dwudrzwiowa-180-cm-przesuwna-polki-drazek-wieszakowy-lustra-grafitowa","status":"publish","type":"product","link":"https:\/\/baldumarket.lt\/lt\/product\/szafa-wiki-9-dwudrzwiowa-180-cm-przesuwna-polki-drazek-wieszakowy-lustra-grafitowa\/","title":{"rendered":"Wiki 9 spinta, dvidur\u0117, 180 cm, stumdoma, lentynos, pakaba, veidrod\u017eiai, grafito spalvos"},"content":{"rendered":"<p>180 cm plo\u010dio grafito spalvos \u2019Wiki 9\u201c spinta puikiai tiks beveik prie bet kokio stiliaus bald\u0173: moderni\u0173 miegam\u0173j\u0173, svetaini\u0173, prie\u0161kambario ir net paaugli\u0173 kambari\u0173. D\u0117l stumdom\u0173 dur\u0173 jai reikia minimalios vietos montavimui, be to, j\u0105 saugu ir patogu naudoti. Spinta turi du veidrod\u017eius, esan\u010dius vidin\u0117je dur\u0173 briaunoje. Be akivaizd\u017eios funkcijos, veidrod\u017eiai vizualiai padidina kambario, kuriame yra spinta, erdv\u0119. Viduje \u012frengtos didel\u0117s lentynos drabu\u017eiams ir didel\u0117ms d\u0117\u017e\u0117ms, taip pat pakabinimo stovas ilgiems ir trumpiems drabu\u017eiams. Spinta pagaminta i\u0161 laminuotos bald\u0173 plok\u0161t\u0117s su matine grafito apdaila, kuri pasi\u017eymi padidintu atsparumu \u012fbr\u0117\u017eimams. Baldai pristatomi kaip savaranki\u0161kai surenkami vienetai su lengvai suprantamomis instrukcijomis ir komplekte esan\u010diais furnit\u016bra.<\/p>","protected":false},"excerpt":{"rendered":"<p>Plotis: 180 cm<br \/>\nGylis: 62 cm<br \/>\nAuk\u0161tis: 200 cm<br \/>\nBald\u0173 spalva: Grafito<br \/>\nKoja: Panel\u0117<\/p>","protected":false},"featured_media":175305,"comment_status":"open","ping_status":"open","template":"","meta":[],"product_brand":[],"product_cat":[9551,4635,1177],"product_tag":[],"class_list":{"0":"post-175304","1":"product","2":"type-product","3":"status-publish","4":"has-post-thumbnail","6":"product_cat-wardrobes-wiki-piaski","7":"product_cat-piaski","8":"product_cat-wardrobes","10":"first","11":"instock","12":"purchasable","13":"product-type-simple"},"_links":{"self":[{"href":"https:\/\/baldumarket.lt\/lt\/wp-json\/wp\/v2\/product\/175304","targetHints":{"allow":["GET"]}}],"collection":[{"href":"https:\/\/baldumarket.lt\/lt\/wp-json\/wp\/v2\/product"}],"about":[{"href":"https:\/\/baldumarket.lt\/lt\/wp-json\/wp\/v2\/types\/product"}],"replies":[{"embeddable":true,"href":"https:\/\/baldumarket.lt\/lt\/wp-json\/wp\/v2\/comments?post=175304"}],"wp:featuredmedia":[{"embeddable":true,"href":"https:\/\/baldumarket.lt\/lt\/wp-json\/wp\/v2\/media\/175305"}],"wp:attachment":[{"href":"https:\/\/baldumarket.lt\/lt\/wp-json\/wp\/v2\/media?parent=175304"}],"wp:term":[{"taxonomy":"product_brand","embeddable":true,"href":"https:\/\/baldumarket.lt\/lt\/wp-json\/wp\/v2\/product_brand?post=175304"},{"taxonomy":"product_cat","embeddable":true,"href":"https:\/\/baldumarket.lt\/lt\/wp-json\/wp\/v2\/product_cat?post=175304"},{"taxonomy":"product_tag","embeddable":true,"href":"https:\/\/baldumarket.lt\/lt\/wp-json\/wp\/v2\/product_tag?post=175304"}],"curies":[{"name":"wp","href":"https:\/\/api.w.org\/{rel}","templated":true}]}}