{"id":175299,"date":"2025-12-20T12:53:58","date_gmt":"2025-12-20T09:53:58","guid":{"rendered":"https:\/\/baldumarket.lt\/product\/szafa-wiki-9-dwudrzwiowa-180-cm-przesuwna-polki-drazek-wieszakowy-lustra-bialy\/"},"modified":"2026-02-12T10:35:25","modified_gmt":"2026-02-12T07:35:25","slug":"szafa-wiki-9-dwudrzwiowa-180-cm-przesuwna-polki-drazek-wieszakowy-lustra-bialy","status":"publish","type":"product","link":"https:\/\/baldumarket.lt\/lt\/product\/szafa-wiki-9-dwudrzwiowa-180-cm-przesuwna-polki-drazek-wieszakowy-lustra-bialy\/","title":{"rendered":"Wiki 9 spinta, dvidur\u0117, 180 cm, stumdoma, lentynos, pakaba, veidrod\u017eiai, balta"},"content":{"rendered":"<p>Matin\u0117s baltos spalvos \u2019Wiki 9\u201c spinta, kurios plotis 180 cm, puikiai tinka beveik bet kokiam bald\u0173 stiliui: moderniam miegamajam, svetainei, koridoriui ir net paaugli\u0173 kambariui. D\u0117l stumdom\u0173 dur\u0173 jai reikia minimalios vietos montavimui, be to, ji yra saugi ir patogi naudoti. Spinta turi du veidrod\u017eius, esan\u010dius vidin\u0117je dur\u0173 briaunoje. Be akivaizd\u017eios funkcijos, veidrod\u017eiai vizualiai padidina kambario, kuriame yra spinta, erdv\u0119. Viduje \u012frengtos didel\u0117s lentynos drabu\u017eiams ir didel\u0117ms d\u0117\u017e\u0117ms, taip pat pakabinimo stovas ilgiems ir trumpiems drabu\u017eiams. Spinta pagaminta i\u0161 laminuotos bald\u0173 plok\u0161t\u0117s su matine balta apdaila, kuri pasi\u017eymi padidintu atsparumu \u012fbr\u0117\u017eimams. Baldus reikia surinkti savaranki\u0161kai, pridedamos ai\u0161kios instrukcijos ir furnit\u016bra.<\/p>","protected":false},"excerpt":{"rendered":"<p>Plotis: 180 cm<br \/>\nGylis: 62 cm<br \/>\nAuk\u0161tis: 200 cm<br \/>\nKoja: Panelin\u0117<br \/>\nStilius: Modernus<\/p>","protected":false},"featured_media":175300,"comment_status":"open","ping_status":"open","template":"","meta":[],"product_brand":[],"product_cat":[9551,4635,1177],"product_tag":[],"class_list":{"0":"post-175299","1":"product","2":"type-product","3":"status-publish","4":"has-post-thumbnail","6":"product_cat-wardrobes-wiki-piaski","7":"product_cat-piaski","8":"product_cat-wardrobes","10":"first","11":"instock","12":"purchasable","13":"product-type-simple"},"_links":{"self":[{"href":"https:\/\/baldumarket.lt\/lt\/wp-json\/wp\/v2\/product\/175299","targetHints":{"allow":["GET"]}}],"collection":[{"href":"https:\/\/baldumarket.lt\/lt\/wp-json\/wp\/v2\/product"}],"about":[{"href":"https:\/\/baldumarket.lt\/lt\/wp-json\/wp\/v2\/types\/product"}],"replies":[{"embeddable":true,"href":"https:\/\/baldumarket.lt\/lt\/wp-json\/wp\/v2\/comments?post=175299"}],"wp:featuredmedia":[{"embeddable":true,"href":"https:\/\/baldumarket.lt\/lt\/wp-json\/wp\/v2\/media\/175300"}],"wp:attachment":[{"href":"https:\/\/baldumarket.lt\/lt\/wp-json\/wp\/v2\/media?parent=175299"}],"wp:term":[{"taxonomy":"product_brand","embeddable":true,"href":"https:\/\/baldumarket.lt\/lt\/wp-json\/wp\/v2\/product_brand?post=175299"},{"taxonomy":"product_cat","embeddable":true,"href":"https:\/\/baldumarket.lt\/lt\/wp-json\/wp\/v2\/product_cat?post=175299"},{"taxonomy":"product_tag","embeddable":true,"href":"https:\/\/baldumarket.lt\/lt\/wp-json\/wp\/v2\/product_tag?post=175299"}],"curies":[{"name":"wp","href":"https:\/\/api.w.org\/{rel}","templated":true}]}}