{"id":175295,"date":"2025-12-20T12:53:54","date_gmt":"2025-12-20T09:53:54","guid":{"rendered":"https:\/\/baldumarket.lt\/product\/szafa-wiki-2-dwudrzwiowa-200-cm-przesuwna-polki-drazek-wieszakowy-lustra-grafitowa\/"},"modified":"2026-02-12T10:35:25","modified_gmt":"2026-02-12T07:35:25","slug":"szafa-wiki-2-dwudrzwiowa-200-cm-przesuwna-polki-drazek-wieszakowy-lustra-grafitowa","status":"publish","type":"product","link":"https:\/\/baldumarket.lt\/lt\/product\/szafa-wiki-2-dwudrzwiowa-200-cm-przesuwna-polki-drazek-wieszakowy-lustra-grafitowa\/","title":{"rendered":"Wiki 2 spinta, dvidur\u0117, 200 cm, stumdoma, lentynos, pakaba, veidrod\u017eiai, grafito spalvos"},"content":{"rendered":"<p>Grafito spalvos \u201eWiki 2\u201c spinta, kurios plotis \u2013 200 cm, o auk\u0161tis \u2013 214 cm, puikiai tiks beveik bet kokiam interjero stiliui: \u0161iuolaiki\u0161kiems miegamiesiems, svetain\u0117ms, svetain\u0117ms, koridoriams ir net jaunimo kambariams. D\u0117l stumdom\u0173 dur\u0173 jai reikia minimalios vietos, kad b\u016bt\u0173 galima saugiai ir patogiai naudotis. Dur\u0173 vidin\u0117je pus\u0117je yra du veidrod\u017eiai, kuri\u0173 kra\u0161tai pary\u0161kinti eleganti\u0161ku juodu ornamentu, pabr\u0117\u017eian\u010diu komplekto stili\u0173. Be akivaizd\u017eios funkcijos, veidrod\u017eiai vizualiai padidina kambar\u012f. Spintos viduje yra patogios lentynos drabu\u017eiams, smulkiems daiktams ir didel\u0117ms d\u0117\u017e\u0117ms, taip pat pakabinimo stovas ilgiems ir trumpiems drabu\u017eiams. Spinta pagaminta i\u0161 laminuotos bald\u0173 plok\u0161t\u0117s su matiniu grafitu, kuris pasi\u017eymi padidintu atsparumu \u012fbr\u0117\u017eimams. Baldai pristatomi kaip savaranki\u0161kai surenkami vienetai su lengvai suprantamomis instrukcijomis ir komplekte esan\u010diais furnit\u016bra.<\/p>","protected":false},"excerpt":{"rendered":"<p>Plotis: 200 cm<br \/>\nGylis: 62 cm<br \/>\n\u016agis: 214 cm<br \/>\nBald\u0173 spalva: Grafito<br \/>\nKoja: Panelin\u0117<\/p>","protected":false},"featured_media":175296,"comment_status":"open","ping_status":"open","template":"","meta":[],"product_brand":[],"product_cat":[9551,4635,1177],"product_tag":[],"class_list":{"0":"post-175295","1":"product","2":"type-product","3":"status-publish","4":"has-post-thumbnail","6":"product_cat-wardrobes-wiki-piaski","7":"product_cat-piaski","8":"product_cat-wardrobes","10":"first","11":"instock","12":"purchasable","13":"product-type-simple"},"_links":{"self":[{"href":"https:\/\/baldumarket.lt\/lt\/wp-json\/wp\/v2\/product\/175295","targetHints":{"allow":["GET"]}}],"collection":[{"href":"https:\/\/baldumarket.lt\/lt\/wp-json\/wp\/v2\/product"}],"about":[{"href":"https:\/\/baldumarket.lt\/lt\/wp-json\/wp\/v2\/types\/product"}],"replies":[{"embeddable":true,"href":"https:\/\/baldumarket.lt\/lt\/wp-json\/wp\/v2\/comments?post=175295"}],"wp:featuredmedia":[{"embeddable":true,"href":"https:\/\/baldumarket.lt\/lt\/wp-json\/wp\/v2\/media\/175296"}],"wp:attachment":[{"href":"https:\/\/baldumarket.lt\/lt\/wp-json\/wp\/v2\/media?parent=175295"}],"wp:term":[{"taxonomy":"product_brand","embeddable":true,"href":"https:\/\/baldumarket.lt\/lt\/wp-json\/wp\/v2\/product_brand?post=175295"},{"taxonomy":"product_cat","embeddable":true,"href":"https:\/\/baldumarket.lt\/lt\/wp-json\/wp\/v2\/product_cat?post=175295"},{"taxonomy":"product_tag","embeddable":true,"href":"https:\/\/baldumarket.lt\/lt\/wp-json\/wp\/v2\/product_tag?post=175295"}],"curies":[{"name":"wp","href":"https:\/\/api.w.org\/{rel}","templated":true}]}}