{"id":175291,"date":"2025-12-20T12:53:49","date_gmt":"2025-12-20T09:53:49","guid":{"rendered":"https:\/\/baldumarket.lt\/product\/szafa-wiki-2-dwudrzwiowa-200-cm-przesuwna-polki-drazek-wieszakowy-lustra-bialy\/"},"modified":"2026-02-12T10:35:25","modified_gmt":"2026-02-12T07:35:25","slug":"szafa-wiki-2-dwudrzwiowa-200-cm-przesuwna-polki-drazek-wieszakowy-lustra-bialy","status":"publish","type":"product","link":"https:\/\/baldumarket.lt\/lt\/product\/szafa-wiki-2-dwudrzwiowa-200-cm-przesuwna-polki-drazek-wieszakowy-lustra-bialy\/","title":{"rendered":"Wiki 2 spinta, dvidur\u0117, 200 cm, stumdoma, lentynos, pakabos karnizas, veidrod\u017eiai, balta"},"content":{"rendered":"<p>Patraukli, 200 cm plo\u010dio \u2019Wiki 2\u201c veidrodin\u0117 spinta su matin\u0117s baltos spalvos apdaila puikiai tiks beveik bet kokiam bald\u0173 stiliui: \u0161iuolaiki\u0161kiems miegamiesiems, svetain\u0117ms, svetain\u0117ms, koridoriams ir net paaugli\u0173 kambariams. D\u0117l stumdom\u0173 dur\u0173 jai reikia minimalios vietos, kad b\u016bt\u0173 galima saugiai ir patogiai naudotis. Joje yra du dideli veidrod\u017eiai, esantys vidin\u0117je dur\u0173 briaunoje, kuri\u0173 kra\u0161tai pary\u0161kinti eleganti\u0161ku juodu ornamentu. Be akivaizd\u017eios savo funkcijos, veidrod\u017eiai vizualiai padidina kambar\u012f. Viduje \u012frengtos didel\u0117s lentynos drabu\u017eiams ir didel\u0117ms d\u0117\u017e\u0117ms, taip pat pakabinimo stovas ilgiems ir trumpiems drabu\u017eiams. Spinta pagaminta i\u0161 laminuotos bald\u0173 plok\u0161t\u0117s su matin\u0117s baltos spalvos apdaila, kuri pasi\u017eymi padidintu atsparumu \u012fbr\u0117\u017eimams. Baldai pristatomi kaip savaranki\u0161kai surenkami vienetai su lengvai suprantamomis instrukcijomis ir komplekte esan\u010diais furnit\u016bra.<\/p>","protected":false},"excerpt":{"rendered":"<p>Plotis: 200 cm<br \/>\nGylis: 62 cm<br \/>\n\u016agis: 214 cm<br \/>\nKoja: Panelin\u0117<br \/>\nStilius: Modernus<\/p>","protected":false},"featured_media":175292,"comment_status":"open","ping_status":"open","template":"","meta":[],"product_brand":[],"product_cat":[9551,4635,1177],"product_tag":[],"class_list":{"0":"post-175291","1":"product","2":"type-product","3":"status-publish","4":"has-post-thumbnail","6":"product_cat-wardrobes-wiki-piaski","7":"product_cat-piaski","8":"product_cat-wardrobes","10":"first","11":"instock","12":"purchasable","13":"product-type-simple"},"_links":{"self":[{"href":"https:\/\/baldumarket.lt\/lt\/wp-json\/wp\/v2\/product\/175291","targetHints":{"allow":["GET"]}}],"collection":[{"href":"https:\/\/baldumarket.lt\/lt\/wp-json\/wp\/v2\/product"}],"about":[{"href":"https:\/\/baldumarket.lt\/lt\/wp-json\/wp\/v2\/types\/product"}],"replies":[{"embeddable":true,"href":"https:\/\/baldumarket.lt\/lt\/wp-json\/wp\/v2\/comments?post=175291"}],"wp:featuredmedia":[{"embeddable":true,"href":"https:\/\/baldumarket.lt\/lt\/wp-json\/wp\/v2\/media\/175292"}],"wp:attachment":[{"href":"https:\/\/baldumarket.lt\/lt\/wp-json\/wp\/v2\/media?parent=175291"}],"wp:term":[{"taxonomy":"product_brand","embeddable":true,"href":"https:\/\/baldumarket.lt\/lt\/wp-json\/wp\/v2\/product_brand?post=175291"},{"taxonomy":"product_cat","embeddable":true,"href":"https:\/\/baldumarket.lt\/lt\/wp-json\/wp\/v2\/product_cat?post=175291"},{"taxonomy":"product_tag","embeddable":true,"href":"https:\/\/baldumarket.lt\/lt\/wp-json\/wp\/v2\/product_tag?post=175291"}],"curies":[{"name":"wp","href":"https:\/\/api.w.org\/{rel}","templated":true}]}}