{"id":175287,"date":"2025-12-20T12:53:44","date_gmt":"2025-12-20T09:53:44","guid":{"rendered":"https:\/\/baldumarket.lt\/product\/szafa-wiki-2-dwudrzwiowa-180-cm-przesuwna-polki-drazek-wieszakowy-lustra-grafitowa\/"},"modified":"2026-02-12T10:35:25","modified_gmt":"2026-02-12T07:35:25","slug":"szafa-wiki-2-dwudrzwiowa-180-cm-przesuwna-polki-drazek-wieszakowy-lustra-grafitowa","status":"publish","type":"product","link":"https:\/\/baldumarket.lt\/lt\/product\/szafa-wiki-2-dwudrzwiowa-180-cm-przesuwna-polki-drazek-wieszakowy-lustra-grafitowa\/","title":{"rendered":"Wiki 2 spinta, dvidur\u0117, 180 cm, stumdoma, lentynos, pakaba, veidrod\u017eiai, grafito spalvos"},"content":{"rendered":"<p>180 cm plo\u010dio grafito spalvos \u2019Wiki 2\u201c spinta puikiai tiks beveik prie bet kokio stiliaus bald\u0173: moderni\u0173 miegam\u0173j\u0173, svetaini\u0173, prie\u0161kambario ir net paaugli\u0173 kambari\u0173. D\u0117l stumdom\u0173 dur\u0173 jai reikia minimalios vietos montavimui, be to, j\u0105 saugu ir patogu naudoti. Dur\u0173 vidin\u0117je pus\u0117je yra du veidrod\u017eiai, kuri\u0173 kra\u0161tai pary\u0161kinti juodu ornamentu. Be akivaizd\u017eios funkcijos, veidrod\u017eiai vizualiai padidina kambar\u012f. Viduje \u012frengtos erdvios lentynos drabu\u017eiams ir didel\u0117ms d\u0117\u017e\u0117ms, taip pat pakabinimo stovas ilgiems ir trumpiems drabu\u017eiams. Spinta pagaminta i\u0161 laminuotos bald\u0173 plok\u0161t\u0117s su matine grafito apdaila, kuri pasi\u017eymi padidintu atsparumu \u012fbr\u0117\u017eimams. Baldai pristatomi kaip savaranki\u0161kai surenkami vienetai su lengvai suprantamomis instrukcijomis ir komplekte esan\u010diais furnit\u016bra.<\/p>","protected":false},"excerpt":{"rendered":"<p>Plotis: 180 cm<br \/>\nGylis: 62 cm<br \/>\nAuk\u0161tis: 200 cm<br \/>\nBald\u0173 spalva: Grafito<br \/>\nKoja: Panel\u0117<\/p>","protected":false},"featured_media":175288,"comment_status":"open","ping_status":"open","template":"","meta":[],"product_brand":[],"product_cat":[9551,4635,1177],"product_tag":[],"class_list":{"0":"post-175287","1":"product","2":"type-product","3":"status-publish","4":"has-post-thumbnail","6":"product_cat-wardrobes-wiki-piaski","7":"product_cat-piaski","8":"product_cat-wardrobes","10":"first","11":"instock","12":"purchasable","13":"product-type-simple"},"_links":{"self":[{"href":"https:\/\/baldumarket.lt\/lt\/wp-json\/wp\/v2\/product\/175287","targetHints":{"allow":["GET"]}}],"collection":[{"href":"https:\/\/baldumarket.lt\/lt\/wp-json\/wp\/v2\/product"}],"about":[{"href":"https:\/\/baldumarket.lt\/lt\/wp-json\/wp\/v2\/types\/product"}],"replies":[{"embeddable":true,"href":"https:\/\/baldumarket.lt\/lt\/wp-json\/wp\/v2\/comments?post=175287"}],"wp:featuredmedia":[{"embeddable":true,"href":"https:\/\/baldumarket.lt\/lt\/wp-json\/wp\/v2\/media\/175288"}],"wp:attachment":[{"href":"https:\/\/baldumarket.lt\/lt\/wp-json\/wp\/v2\/media?parent=175287"}],"wp:term":[{"taxonomy":"product_brand","embeddable":true,"href":"https:\/\/baldumarket.lt\/lt\/wp-json\/wp\/v2\/product_brand?post=175287"},{"taxonomy":"product_cat","embeddable":true,"href":"https:\/\/baldumarket.lt\/lt\/wp-json\/wp\/v2\/product_cat?post=175287"},{"taxonomy":"product_tag","embeddable":true,"href":"https:\/\/baldumarket.lt\/lt\/wp-json\/wp\/v2\/product_tag?post=175287"}],"curies":[{"name":"wp","href":"https:\/\/api.w.org\/{rel}","templated":true}]}}