{"id":175277,"date":"2025-12-20T12:53:33","date_gmt":"2025-12-20T09:53:33","guid":{"rendered":"https:\/\/baldumarket.lt\/product\/szafa-sky-ssz110-dwudrzwiowa-polka-drazek-wieszakowy-dab-riviera\/"},"modified":"2026-04-05T02:44:15","modified_gmt":"2026-04-04T23:44:15","slug":"szafa-sky-ssz110-dwudrzwiowa-polka-drazek-wieszakowy-dab-riviera","status":"publish","type":"product","link":"https:\/\/baldumarket.lt\/lt\/product\/szafa-sky-ssz110-dwudrzwiowa-polka-drazek-wieszakowy-dab-riviera\/","title":{"rendered":"\u201eSky SSZ110\u201c spinta, dviej\u0173 dur\u0173, lentyna, pakabinimo karnizas, \u201eRiviera Oak\u201c"},"content":{"rendered":"<p>Moderni \u201eSky SSZ110\u201c spinta turi dvejas varstomas duris, u\u017e kuri\u0173 yra pakaba ilgiems ir trumpiems drabu\u017eiams kabinti, taip pat erdvi lentyna daiktams ir d\u0117\u017e\u0117ms. Spinta pagaminta i\u0161 patvarios laminuotos bald\u0173 plok\u0161t\u0117s, pasi\u017eymin\u010dios padidintu atsparumu \u012fbr\u0117\u017eimams. Komplektas pristatomas supakuotas, kartu su instrukcijomis ir furnit\u016bra.<\/p>","protected":false},"excerpt":{"rendered":"<p>Plotis: 110 cm<br \/>\nGylis: 54 cm<br \/>\n\u016agis: 197 cm<br \/>\nBald\u0173 spalva: Riviera Oak<br \/>\nKoja: Panelin\u0117<\/p>","protected":false},"featured_media":175278,"comment_status":"open","ping_status":"open","template":"","meta":[],"product_brand":[],"product_cat":[9550,4635,1177],"product_tag":[],"class_list":{"0":"post-175277","1":"product","2":"type-product","3":"status-publish","4":"has-post-thumbnail","6":"product_cat-furniture-system-sky-piaski","7":"product_cat-piaski","8":"product_cat-wardrobes","10":"first","11":"instock","12":"purchasable","13":"product-type-simple"},"_links":{"self":[{"href":"https:\/\/baldumarket.lt\/lt\/wp-json\/wp\/v2\/product\/175277","targetHints":{"allow":["GET"]}}],"collection":[{"href":"https:\/\/baldumarket.lt\/lt\/wp-json\/wp\/v2\/product"}],"about":[{"href":"https:\/\/baldumarket.lt\/lt\/wp-json\/wp\/v2\/types\/product"}],"replies":[{"embeddable":true,"href":"https:\/\/baldumarket.lt\/lt\/wp-json\/wp\/v2\/comments?post=175277"}],"wp:featuredmedia":[{"embeddable":true,"href":"https:\/\/baldumarket.lt\/lt\/wp-json\/wp\/v2\/media\/175278"}],"wp:attachment":[{"href":"https:\/\/baldumarket.lt\/lt\/wp-json\/wp\/v2\/media?parent=175277"}],"wp:term":[{"taxonomy":"product_brand","embeddable":true,"href":"https:\/\/baldumarket.lt\/lt\/wp-json\/wp\/v2\/product_brand?post=175277"},{"taxonomy":"product_cat","embeddable":true,"href":"https:\/\/baldumarket.lt\/lt\/wp-json\/wp\/v2\/product_cat?post=175277"},{"taxonomy":"product_tag","embeddable":true,"href":"https:\/\/baldumarket.lt\/lt\/wp-json\/wp\/v2\/product_tag?post=175277"}],"curies":[{"name":"wp","href":"https:\/\/api.w.org\/{rel}","templated":true}]}}