{"id":175271,"date":"2025-12-20T12:53:26","date_gmt":"2025-12-20T09:53:26","guid":{"rendered":"https:\/\/baldumarket.lt\/product\/szafa-sara-dwudrzwiowa-204-cm-przesuwna-polki-drazek-wieszakowy-szuflady-lustro-biala-dab-sonoma\/"},"modified":"2026-02-12T13:35:14","modified_gmt":"2026-02-12T10:35:14","slug":"szafa-sara-dwudrzwiowa-204-cm-przesuwna-polki-drazek-wieszakowy-szuflady-lustro-biala-dab-sonoma","status":"publish","type":"product","link":"https:\/\/baldumarket.lt\/lt\/product\/szafa-sara-dwudrzwiowa-204-cm-przesuwna-polki-drazek-wieszakowy-szuflady-lustro-biala-dab-sonoma\/","title":{"rendered":"Sara spinta, dviej\u0173 dur\u0173, 204 cm, stumdomos, lentynos, pakaba, stal\u010diai, veidrodis, balta\/Sonoma \u0105\u017euolas"},"content":{"rendered":"<p>Funkcionali ir moderni \u201eSara\u201c spinta, kurios plotis \u2013 204 cm, o auk\u0161tis \u2013 214 cm, turi dvejas varstomas duris ir stumdom\u0105 priek\u012f su vienu i\u0161oriniu veidrod\u017eiu, vizualiai padidinan\u010diu kambar\u012f. Apatin\u0117je dalyje yra du prakti\u0161ki stal\u010diai, kuriuose galima tvarkingai laikyti smulkius daiktus, apatinius ir kitus smulkius daiktus. Priekyje yra i\u0161skirtin\u0117s apdailos juostos, pagamintos i\u0161 patvarios MDF plok\u0161t\u0117s su \u201eSonoma Oak\u201c apdaila, kurios spalva dera prie stal\u010di\u0173. Viduje yra pakabinimo b\u0117gelis ilgiems ir trumpiems daiktams, taip pat lentynos drabu\u017eiams. Spinta pagaminta i\u0161 itin atsparios \u012fbr\u0117\u017eimams laminuotos bald\u0173 plok\u0161t\u0117s ir pristatoma supakuota kartu su lengvai suprantamomis surinkimo instrukcijomis. \u0160is baldas puikiai papildys \u0161iuolaikines gyvenam\u0105sias erdves.<\/p>","protected":false},"excerpt":{"rendered":"<p>Plotis: 204 cm<br \/>\nGylis: 62 cm<br \/>\n\u016agis: 214 cm<br \/>\nBald\u0173 spalva: balta \/ sonoma \u0105\u017euolas<br \/>\nKoja: Panelin\u0117<\/p>","protected":false},"featured_media":175272,"comment_status":"open","ping_status":"open","template":"","meta":[],"product_brand":[],"product_cat":[9574,4635,1177],"product_tag":[],"class_list":{"0":"post-175271","1":"product","2":"type-product","3":"status-publish","4":"has-post-thumbnail","6":"product_cat-wardrobes-sara-piaski","7":"product_cat-piaski","8":"product_cat-wardrobes","10":"first","11":"instock","12":"purchasable","13":"product-type-simple"},"_links":{"self":[{"href":"https:\/\/baldumarket.lt\/lt\/wp-json\/wp\/v2\/product\/175271","targetHints":{"allow":["GET"]}}],"collection":[{"href":"https:\/\/baldumarket.lt\/lt\/wp-json\/wp\/v2\/product"}],"about":[{"href":"https:\/\/baldumarket.lt\/lt\/wp-json\/wp\/v2\/types\/product"}],"replies":[{"embeddable":true,"href":"https:\/\/baldumarket.lt\/lt\/wp-json\/wp\/v2\/comments?post=175271"}],"wp:featuredmedia":[{"embeddable":true,"href":"https:\/\/baldumarket.lt\/lt\/wp-json\/wp\/v2\/media\/175272"}],"wp:attachment":[{"href":"https:\/\/baldumarket.lt\/lt\/wp-json\/wp\/v2\/media?parent=175271"}],"wp:term":[{"taxonomy":"product_brand","embeddable":true,"href":"https:\/\/baldumarket.lt\/lt\/wp-json\/wp\/v2\/product_brand?post=175271"},{"taxonomy":"product_cat","embeddable":true,"href":"https:\/\/baldumarket.lt\/lt\/wp-json\/wp\/v2\/product_cat?post=175271"},{"taxonomy":"product_tag","embeddable":true,"href":"https:\/\/baldumarket.lt\/lt\/wp-json\/wp\/v2\/product_tag?post=175271"}],"curies":[{"name":"wp","href":"https:\/\/api.w.org\/{rel}","templated":true}]}}